{"id":9618,"date":"2015-06-22T09:30:25","date_gmt":"2015-06-22T13:30:25","guid":{"rendered":"https:\/\/www.bu.edu\/writingprogram\/?page_id=9618"},"modified":"2015-08-14T11:55:33","modified_gmt":"2015-08-14T15:55:33","slug":"dean-instructor","status":"publish","type":"page","link":"https:\/\/www.bu.edu\/writingprogram\/journal\/past-issues\/issue-7\/dean\/dean-instructor\/","title":{"rendered":"From the Instructor"},"content":{"rendered":"<p>Camden Dean\u2019s excellent paper, written for WR 100: \u201cGlobal Documentary,\u201d explores the destructive role that cameras play in the Israeli-Palestinian conflict. He focuses on the Academy Award-nominated documentary <em>Five Broken Cameras<\/em> (2011), which tells the story of a Palestinian farmer who films his fellow villagers\u2019 protest against the Israeli wall erected on their land. We studied this film at a poignant moment in the semester. The Israel-Gaza conflict had ended four months earlier. And we had just studied <em>One Day in September <\/em>(1999), which revisits the 1972 Munich Olympics, where 11 Israeli athletes and trainers were taken hostage and then killed by Palestinian terrorists\u2014an event largely streamed on live television.<\/p>\n<p>The assignment\u2019s sole requirement was that students pose and answer a question about any of our semester\u2019s documentaries. After presenting an outline of his ideas and receiving feedback from the class, Camden began to write. Many of our theoretical readings helped to shape his ambitious argument\u2014Jean Rouch on cin\u00e9ma v\u00e9rit\u00e9, Michel Foucault on the Panopticon, Susan Sontag on the desensitizing effect that images engender. While drafting his essay, however, Camden started to question the direction of his argument and wondered whether he should abandon it. Peer reviewers stepped in to offer just the right kind of feedback, inspiring the counter-arguments that frame his position for a skeptical reader and motivating him to keep going.\u00a0Camden\u2019s ability to view the role of cameras in the West Bank from multiple angles gives his essay its rhetorical force and judicious tone. It was a pleasure to work with him on this essay and to read it again all of these months later.<\/p>\n<p><strong>\u2014\u00a0MARISA MILANESE<\/strong><\/p>\n<p>WR 100: Global Documentary<\/p>\n","protected":false},"excerpt":{"rendered":"<p>Camden Dean\u2019s excellent paper, written for WR 100: \u201cGlobal Documentary,\u201d explores the destructive role that cameras play in the Israeli-Palestinian conflict. He focuses on the Academy Award-nominated documentary Five Broken Cameras (2011), which tells the story of a Palestinian farmer who films his fellow villagers\u2019 protest against the Israeli wall erected on their land. We [&hellip;]<\/p>\n","protected":false},"author":4801,"featured_media":0,"parent":9571,"menu_order":1,"comment_status":"closed","ping_status":"closed","template":"","meta":[],"_links":{"self":[{"href":"https:\/\/www.bu.edu\/writingprogram\/wp-json\/wp\/v2\/pages\/9618"}],"collection":[{"href":"https:\/\/www.bu.edu\/writingprogram\/wp-json\/wp\/v2\/pages"}],"about":[{"href":"https:\/\/www.bu.edu\/writingprogram\/wp-json\/wp\/v2\/types\/page"}],"author":[{"embeddable":true,"href":"https:\/\/www.bu.edu\/writingprogram\/wp-json\/wp\/v2\/users\/4801"}],"replies":[{"embeddable":true,"href":"https:\/\/www.bu.edu\/writingprogram\/wp-json\/wp\/v2\/comments?post=9618"}],"version-history":[{"count":2,"href":"https:\/\/www.bu.edu\/writingprogram\/wp-json\/wp\/v2\/pages\/9618\/revisions"}],"predecessor-version":[{"id":9760,"href":"https:\/\/www.bu.edu\/writingprogram\/wp-json\/wp\/v2\/pages\/9618\/revisions\/9760"}],"up":[{"embeddable":true,"href":"https:\/\/www.bu.edu\/writingprogram\/wp-json\/wp\/v2\/pages\/9571"}],"wp:attachment":[{"href":"https:\/\/www.bu.edu\/writingprogram\/wp-json\/wp\/v2\/media?parent=9618"}],"curies":[{"name":"wp","href":"https:\/\/api.w.org\/{rel}","templated":true}]}}