{"id":9571,"date":"2015-06-19T14:58:53","date_gmt":"2015-06-19T18:58:53","guid":{"rendered":"https:\/\/www.bu.edu\/writingprogram\/?page_id=9571"},"modified":"2015-08-17T15:28:09","modified_gmt":"2015-08-17T19:28:09","slug":"dean","status":"publish","type":"page","link":"https:\/\/www.bu.edu\/writingprogram\/journal\/past-issues\/issue-7\/dean\/","title":{"rendered":"Exposure and Retaliation: Searching for Peace in the <br>West Bank through <em>5 Broken Cameras<\/em>"},"content":{"rendered":"<h2>Camden Dean<\/h2>\n<p class=\"rule\"><a href=\"https:\/\/www.bu.edu\/writingprogram\/journal\/past-issues\/issue-7\/dean\/dean-instructor\/\">Read the instructor&#8217;s introduction<\/a><br \/>\n<a href=\"https:\/\/www.bu.edu\/writingprogram\/journal\/past-issues\/issue-7\/dean\/dean-writer\/%20\">Read the writer&#8217;s comments and bio<\/a><br \/>\n<a href=\"\/writingprogram\/files\/2015\/08\/Dean-I7.pdf\">Download this essay<\/a><\/p>\n<p>Guy Davidi and Emad Burnat\u2019s documentary <em>5 Broken Cameras<\/em> (2011) chronicles the life of one of the filmmakers, the Palestinian Emad, along with the rest of the people of Bil\u2019in, his village in the West Bank. The villagers struggle against Israeli settlers who construct apartment complexes that encroach upon the Palestinians\u2019 land. Emad uses his camera as a source of not only what he calls physical \u201cprotection\u201d against the Israeli soldiers who disrupt the protests, but also emotional protection, since the process of filming \u201cheals\u201d the Palestinians of their emotional scars (<em>5 Broken Cameras<\/em>). Although the opposite appears to be true\u2014many instances throughout the documentary indicate that Emad\u2019s filming makes him a target for violence\u2014his film\u2019s use for emotional healing and its ability to \u201cboost morale\u201d (<em>5 Broken Cameras<\/em>) for those under oppression show just two of the ways that cameras have become a vital part of the conflict in the West Bank. The camera\u2019s value permeates the borders of the Middle East as well, as footage can help Palestinians gain political support from sympathetic viewers in the West. Ultimately, however, cameras appear to have created an arms race of sorts: no one wins, and the footage loses its potential for change. With repeated exposure to images of the conflict, viewers become desensitized to them. And by using cameras in the search for much needed peace and stability in the region, Emad creates an additional source of contention as Israelis become hostile to the origin of footage, and in similar cases they retaliate with cameras of their own. Two people staring at each other through camera lenses with the intent of protecting themselves ultimately create an even larger divide between themselves and their ostensible opponents.<\/p>\n<p>The presence of cameras in the West Bank complicates the already complex Israeli-Palestinian conflict. Over the course of sixty years, the two groups have lived a constant, and mostly violent, confrontation over land. With the help gained from its close relationship with the United States and the global support after the tragedy of the Holocaust, Israel was able to emerge as a prosperous nation in the region. Prosperity often necessitates the demand for greater resources, and Israel has continued to expand its borders, as Palestinian refugees have fled to neighboring Lebanon, Syria, and Jordan. Even the designated Palestinian land in the West Bank has begun to diminish, as Israel has consumed parts of this region for what it claims are rightful settlements. In <em>5 Broken Cameras<\/em>, the people of Bil\u2019in find themselves confronting this predicament\u2014how to deal with the technically illegal establishment of Israeli settlements on their land.<\/p>\n<p>Emad\u2019s solution is to film. He captures the various injustices faced by the villagers: their olive trees scorched by Israeli settlers, their land cut by a so-called security wall, their people tear-gassed and beaten by Israeli soldiers. His footage becomes evidence when a villager faces legal charges in court; he and his people have done nothing wrong, and the camera proves it to be so. This is why cultural anthropologist Rebecca L. Stein classifies the use of cameras as \u201cmost necessary in sites of heightened conflict\u201d such as these (\u201cViral Occupation\u201d). Without Emad\u2019s footage, many of his friends, and even he, would face sentencing for crimes they did not commit.<\/p>\n<p>Yet the footage also provides the villagers with an opportunity \u201cto gain some distance from the events\u201d (<em>5 Broken Cameras<\/em>) in a way that strengthens their resolve against oppression as their characteristically discouraging experiences are transformed into community rallying points. Emad gathers the villagers from the neighboring villages, who similarly find themselves struggling against a seemingly invincible 10-foot fence of their own, to watch the various clips of footage captured from Bil\u2019in\u2019s own instances of resistance. The event \u201ccontributes to solidarity\u201d (<em>5 Broken Cameras<\/em>) against Israeli oppression, and they are able to kindle resistance of their own. Emad\u2019s camera thus becomes an active weapon against complacency for those whose motivation is chipped away by the futility of their efforts.<\/p>\n<p>Beyond the realm of the West Bank, the footage taken by Emad, and those like him, is also useful. Undoubtedly, a large portion of the footage that is captured and distributed to the outside world delivers its message by publicizing instances of purported injustices committed by one side against the other (Israelis against Palestinians or vice versa). Once people who support either side of the conflict begin to gain increasing exposure to a particularly notable event, it seems logical that they would become inclined to offer support for those in need, in tangible and intangible ways. Evidence supporting this is in great supply. A video of Palestinian farmers being beaten by four Israeli men with clubs and masked faces is one such example (Stein). Further examples are found in footage from the seven week Israel-Gaza conflict during the summer of 2014 which shows Israeli citizens taking cover from Gazan rockets, as sirens blare relentlessly. Such videos have gone viral, inspiring everything from donations to Twitter hashtags (from #IstandwithIsrael to #FreeGaza) (ABC News). Footage thus can hold some efficacy in inspiring empathy.<\/p>\n<p>However, an image\u2019s ability to generate this empathy comes into question under closer scrutiny. In her book <em>On Photography, <\/em>Susan Sontag analyzes the usefulness of images in spreading awareness for any particular cause. In doing so, she claims that an image \u201ccannot make a dent in public opinion\u201d without \u201c appropriate context of feeling and attitude\u201d (17). In <em>5 Broken Cameras<\/em>, the villagers gather for a weekly protest against the Israeli wall on their land, and every time they gather, their protest is broken up by tear gas, sometimes gunfire. Emad hoped that his film would expose such injustice and gain support for himself and his people, but for the reasons that Sontag outlines, the efficacy is questionable. According to a recent World Public Opinion poll, 71% of Americans do not believe that the US should support either Palestine or Israel (\u201cTaking Sides\u201d). Thus, at least in the US, there is no \u201cappropriate context of feeling and attitude\u201d (Sontag 17) to change public opinion. While this is merely correlation, it is strong enough to be applied to this situation because it possesses parallels to examples given by Sontag herself: photographs of a skeletal, starving Andersonville prisoner of the South during the Civil War inspired no anti-war sentiment, but rather promoted the North\u2019s fight against the South. The images worked because they supported the existing sentiment for militancy against the South, but they could not create a new anti-war sentiment\u2014a genuinely \u201cmoral position\u201d in Sontag\u2019s terms\u2014as they were intended to do. Images thus \u201ccannot create a moral position,\u201d but can only work to \u201creinforce one\u201d (17). In this way, scenes from <em>5 Broken Cameras<\/em> are less effective at gaining support for Emad and the Palestinians in the West Bank than one may typically expect. And even for those affected by the footage, its efficacy diminishes over time. Although <em>5 Broken Cameras<\/em> was critically acclaimed for exposing the injustices committed against the villagers of Bil\u2019in, these injustices become easier to watch with each successive tear-gassing at the weekly Friday protests. As Sontag would say, \u201c[A]fter repeated exposure to images it [an event] . . . becomes less real\u201d (20).<\/p>\n<p>Within the region, a camera\u2019s effectiveness can also be questioned\u2014not just in terms of its product (its footage), but in terms of its presence. A camera is an observer, and observation can inspire vulnerability and fear. This is the premise of Jeremy Bentham\u2019s Panopticon (as described by Michel Foucault in <em>Discipline and Punish<\/em>), an ideal architectural apparatus used to monitor prisoners and their behavior without the need for an observer. Ringed around a central tower, the cells become \u201clike so many cages, so many small theatres, in which each actor is alone, perfectly individualized and constantly visible\u201d (200). The prisoner, in his role as the observed, feels intentionally vulnerable and modifies his behavior, \u201cbecom[ing] the principle of his own subjection.\u201d We can see these effects in some of the Israelis captured by Emad\u2019s cameras. In one scene, Israeli soldiers insist that Emad \u201cput the camera down,\u201d suggesting that they do not want to be seen on camera. Their reluctance to be filmed might make it easy to associate this reaction to the camera with evidence of guilt. Yet Foucault shows that this sensation of being watched causes peculiar reactions in those being observed. Thus, the aversion to the camera could form a place of self-preservation, a search for comfort rather than the concealment of guilt.<\/p>\n<p>In addition, to objectively film someone without provoking them is a problematic premise by nature: it is not entirely agreed upon whether or not it is possible. Cin\u00e9ma-v\u00e9rit\u00e9 filmmaker Jean Rouch believes that the camera encourages the subject to be more self-revealing\u2014\u201dinfinitely more sincere\u201d (Blue 267)\u2014and many, such as those who support Emad\u2019s footage, would agree. Documentary theorist Bill Nichols, however, believes the opposite to be true. In his discussion of the participatory mode in documentary film (the interaction between the documentarian and their subject), he recognizes \u201cthe spectator as [a] participant\u201d (181) in the scene captured on film. In many ways, a camera is an invasion of privacy. As G. K. Chesterton writes, \u201cThe most sacred thing is to be able to shut your own door,\u201d and so the reaction of those whose door has been forcibly opened (as is the case with many people under the scrutiny of the lens in the West Bank) can quite understandably be hostile (Chesterton 2). An example of this hostility can be seen in <em>5 Broken Cameras<\/em> when Emad approaches an Israeli soldier lazily slumped in the passenger\u2019s seat of an armored car while speaking on the phone. The soldier immediately becomes agitated at the sight of the camera, and grows increasingly so throughout the duration of its presence. The camera is provoking him, acting as more than a \u201cspectator\u201d of this reality, but also as a \u201cparticipant\u201d in it (Nichols 181).<img loading=\"lazy\" src=\"\/writingprogram\/files\/2015\/07\/Dean-photo-636x357.png\" alt=\"Dean photo\" width=\"500\" height=\"280\" class=\"aligncenter wp-image-9722\" srcset=\"https:\/\/www.bu.edu\/writingprogram\/files\/2015\/07\/Dean-photo-636x357.png 636w, https:\/\/www.bu.edu\/writingprogram\/files\/2015\/07\/Dean-photo-1024x574.png 1024w, https:\/\/www.bu.edu\/writingprogram\/files\/2015\/07\/Dean-photo.png 1459w\" sizes=\"(max-width: 500px) 100vw, 500px\" \/><\/p>\n<p style=\"text-align: center;\"><em>Figure 1.\u00a0<span>Aabbas Momani\/AFP\/Getty Images<\/span><\/em><\/p>\n<p>Larger concerns exist for cameras in the Israeli-Palestinian conflict. NPR correspondent Soraya Sarhaddi Nelson addresses the lack of empathy that exists within the region, attributingit to the lack of contact between the two groups. A camera is yet another barrier to contact, for if two men are in front of each other and one of them is holding a camera (Figure 1), that interaction becomes a different thing altogether. This is why placing such importance on documenting becomes especially questionable: the region does not need any further barriers to development of a positive relationship. Proof of this position is evinced not only in the film, but also through multiple instances in the West Bank: the first step taken before a settlement is built is to erect a wall. This wall symbolizes the divide that has been continually exacerbated by sixty years of conflict and perpetuated by each death from one side by the other\u2019s hand. As Emad fights on a daily basis for the destruction of the wall set upon his land, he figuratively erects a new one with every encounter his camera makes with his opposition.<\/p>\n<p>While documenting the enemy\u2019s actions in pursuit of peace and justice may seem like the best course of action, the reverse is true in Bil\u2019in because it simply creates another degree of separation that exists between the two neighboring groups. Empathy cannot be built without direct, human exposure to the other side. Exposure is paramount to creating a common ground upon which peace can be developed, and the camera presents an insurmountable barrier to this. The situation that exists in Bil\u2019in is complicated when considered optimistically, hopeless when viewed pessimistically, and ultimately impossible to solve when mediated by cameras.<\/p>\n<h2>Works Cited<\/h2>\n<p class=\"citation\"><em>5 Broken Cameras<\/em>. Dir. Emad Burnat and Guy Davidi. Kino Lorber, 2011. DVD. \u201cMore Airstrikes From Gaza Into Israel.\u201d <em>ABC News<\/em>. ABC News Network, 20 July 2014. Web. 28 Nov. 2014.<\/p>\n<p class=\"citation\">Blue, James. \u201cJean Rouch.\u201d <em>Imagining Reality: The Faber Book of Documentary<\/em>. Eds. Kevin Macdonald and Mark Cousins. Boston: Faber and Faber, 1998. Print.<\/p>\n<p class=\"citation\">Chesterton, G. K. \u201cWoman.\u201d <em>G K Chesterton&#8217;s Essay:<\/em>.n.pag., n.d. Web. 04 Dec. 2014.<\/p>\n<p class=\"citation\">Foucault, Michel. \u201cPanopticism.\u201d <em>Discipline and Punish: The Birth of the Prison<\/em>. New York: Pantheon, 1977. 199\u2013203. Print.<\/p>\n<p class=\"citation\">Momani, Aabbas. Photograph. \u201cIs There Any Empathy Left In The Israeli-Palestinian Conflict?\u201d <em>NPR<\/em>. NPR, 4 Aug. 2014. Web. 25 Nov. 2014.<\/p>\n<p class=\"citation\">Nelson, Soraya S. \u201cIs There Any Empathy Left In The Israeli-Palestinian Conflict?\u201d <em>NPR<\/em>. NPR, 4 Aug. 2014. Web. 25 Nov. 2014.<\/p>\n<p class=\"citation\">Nichols, Bill. <em>Introduction to Documentary<\/em>. 2nd ed. Bloomington, IN: Indiana UP, 2001. <em>Project MUSE<\/em>. Web. 4 Dec. 2014.<\/p>\n<p class=\"citation\">Sontag, Susan. <em>On Photography<\/em>. New York: Farrar, Straus and Giroux, 1977. Print.<\/p>\n<p class=\"citation\">Stein, Rebecca L. \u201cViral Occupation Cameras and Networked Human Rights in the West Bank.\u201d <em>Middle East Research and Information Project<\/em>. MERIP, 20 Mar. 2013. Web. 27 Nov. 2014.<\/p>\n<p class=\"citation\">\u201cTaking Sides in Israeli-Palestinian Conflict.\u201d <em>Taking Sides in Israeli-Palestinian Conflict<\/em>. Program on International Policy Attitudes, 1 July 2008. Web. 22 Nov. 2014.<\/p>\n","protected":false},"excerpt":{"rendered":"<p>Camden Dean Read the instructor&#8217;s introduction Read the writer&#8217;s comments and bio Download this essay Guy Davidi and Emad Burnat\u2019s documentary 5 Broken Cameras (2011) chronicles the life of one of the filmmakers, the Palestinian Emad, along with the rest of the people of Bil\u2019in, his village in the West Bank. The villagers struggle against [&hellip;]<\/p>\n","protected":false},"author":4801,"featured_media":0,"parent":9553,"menu_order":6,"comment_status":"closed","ping_status":"closed","template":"","meta":[],"_links":{"self":[{"href":"https:\/\/www.bu.edu\/writingprogram\/wp-json\/wp\/v2\/pages\/9571"}],"collection":[{"href":"https:\/\/www.bu.edu\/writingprogram\/wp-json\/wp\/v2\/pages"}],"about":[{"href":"https:\/\/www.bu.edu\/writingprogram\/wp-json\/wp\/v2\/types\/page"}],"author":[{"embeddable":true,"href":"https:\/\/www.bu.edu\/writingprogram\/wp-json\/wp\/v2\/users\/4801"}],"replies":[{"embeddable":true,"href":"https:\/\/www.bu.edu\/writingprogram\/wp-json\/wp\/v2\/comments?post=9571"}],"version-history":[{"count":27,"href":"https:\/\/www.bu.edu\/writingprogram\/wp-json\/wp\/v2\/pages\/9571\/revisions"}],"predecessor-version":[{"id":10015,"href":"https:\/\/www.bu.edu\/writingprogram\/wp-json\/wp\/v2\/pages\/9571\/revisions\/10015"}],"up":[{"embeddable":true,"href":"https:\/\/www.bu.edu\/writingprogram\/wp-json\/wp\/v2\/pages\/9553"}],"wp:attachment":[{"href":"https:\/\/www.bu.edu\/writingprogram\/wp-json\/wp\/v2\/media?parent=9571"}],"curies":[{"name":"wp","href":"https:\/\/api.w.org\/{rel}","templated":true}]}}