{"id":45,"date":"2011-01-05T13:32:17","date_gmt":"2011-01-05T18:32:17","guid":{"rendered":"https:\/\/www.bu.edu\/wll\/?page_id=45"},"modified":"2013-09-26T20:24:21","modified_gmt":"2013-09-27T00:24:21","slug":"why-study-turkish","status":"publish","type":"page","link":"https:\/\/www.bu.edu\/wll\/home\/why-study-turkish\/","title":{"rendered":"Why Study Turkish?"},"content":{"rendered":"<h2><span style=\"color: #6f4242;\">Neden  T\u00fcrk\u00e7e?<\/span><\/h2>\n<p>Turkish is a significant language first because of the sheer numbers of people who speak it. 75 million people speak Turkish as their first language, making it one of the globe\u2019s 15 most widely spoken first languages. There are other communities of speakers in the Balkans and the Caucasus, and several very large Turkish immigrant communities in Western Europe (Turkish is the second most widely spoken language in Germany, for example). Another 15 million people speak Turkish as a second language.<\/p>\n<p>The Republic of Turkey is strategically connected, geographically and culturally, to Eastern Europe, Central Asia, and the Middle East. Thus Turkish and knowledge of Turkey are advantageous to anyone interested in the international business or politics of those regions. Likewise, for students pursuing careers in business or government service, opportunities will only continue to increase as Turkey continues to develop as a global economic power. Studying Turkish gives you a depth of understanding that makes you a valuable asset to corporations, government and other organizations promoting productive alliances with the Middle East. Business opportunities are rapidly opening in Turkey. Turkey\u2019s pending membership in the European Union will enhance its global business importance still further.\u00a0 Political structure in Turkey is based on a secular democratic, pluralist and parliamentary system in which human rights are protected by law and justice.<\/p>\n<p>Turkish  belongs to a language family that includes thirty Turkic languages spoken in <a href=\"http:\/\/en.wikipedia.org\/wiki\/Eastern_Europe\" title=\"Eastern Europe\">Eastern Europe<\/a>, <a href=\"http:\/\/en.wikipedia.org\/wiki\/Central_Asia\" title=\"Central Asia\">Central Asia<\/a> and <a href=\"http:\/\/en.wikipedia.org\/wiki\/Siberia\" title=\"Siberia\">Siberia.<\/a> The differences among these languages are much smaller than their close similarities. Knowledge of Turkish opens up to you a region of great geo-political significance. In the shorter term this translates (among other things) into interesting jobs and scholarship funds for students of Turkish.<\/p>\n<p><a href=\"\/wll\/files\/2011\/01\/turkish1.jpg\"><img loading=\"lazy\" height=\"229\" width=\"470\" src=\"\/wll\/files\/2011\/01\/turkish1.jpg\" alt=\"turkish1\" title=\"turkish1\" class=\"alignnone size-full wp-image-67\" \/><\/a><\/p>\n<p><em>Areas of the world where a Turkic language  has an official status<\/em><\/p>\n<h2><span style=\"color: #6f4242;\">Some cool things about  Turkish<\/span><\/h2>\n<p>Related not to the other major languages of Europe or the Middle East but instead (distantly) to Finnish and Hungarian, Turkish is an agglutinative language. Agglutination refers to the process of adding suffixes to a root-word, so that a single word can convey what English would take a complete sentence to say. For example, the English sentence \u201cThey were not coming\u201d is a single word in Turkish: \u201ccome\u201d is the root word, and elements meaning \u201cnot,\u201d \u201c-ing,\u201d \u201cthey,\u201d and \u201cwere\u201d (past tense marker) are all suffixed to it: <em>Gelmiyorlard\u0131<\/em>.\u00a0 The regularity and predictability in Turkish of how these suffixes are added make agglutination easier to internalize than you might think.<\/p>\n<p>Turkish has postpositions rather than prepositions, and objects usually precede verbs.\u00a0 So the sentence \u201cAhmet talked about his class\u201d would have the following word order in Turkish: \u201cAhmet his class about talked.\u201d While this may seem strange at first, you\u2019ll be surprised how quickly this new word order comes to feel natural when you\u2019re learning Turkish.<\/p>\n<p>Studying Turkish also lays a solid foundation for learning other modern Turkic languages, like Kazakh, Kyrgyz, Tatar, Uzbek, and Uighur. The different Turkic languages are closely related and some of them are even mutually intelligible. Many of these languages are spoken in regions of vital strategic importance, like the Caucasus, the Balkans, China, and the former Soviet Union. Mastery of Turkish grammar makes learning other Turkic languages exponentially easier.<\/p>\n<h2><span style=\"color: #6f4242;\">About Turkey<\/span><\/h2>\n<p>Modern Turkey is the successor state to the Ottoman Empire (1299-1922) which at its height spanned Africa, Asia and Europe. Turkish archives today contain an enormous wealth of documents and information pertaining to the 623-year history of all these vast former provinces on three continents.<\/p>\n<p><a href=\"\/wll\/files\/2011\/01\/turkish2.jpg\"><img loading=\"lazy\" height=\"442\" width=\"470\" src=\"\/wll\/files\/2011\/01\/turkish2.jpg\" alt=\"turkish2\" title=\"turkish2\" class=\"alignnone size-full wp-image-68\" \/><\/a><\/p>\n<p><em>Ottoman Empire<\/em><\/p>\n<p>Turkey  itself is a large open-air museum which includes ruins from the oldest known  human settlement <em>\u00c7atal H\u00f6y\u00fck<\/em> (7500 BC) to ruins from ancient Greece and Rome, some (such as Ephesus) sharing a Roman and Greek heritage. Thus, Turkey and Turkish are of great interest to students of archaeology.<\/p>\n<p>Turkey is a wonderful country to visit, and Boston University has two excellent study abroad programs in Turkey: one in Istanbul with Bogazi\u00e7i University and one in Ankara with the Middle East Technical University.<\/p>\n<h2><span style=\"color: #6f4242;\">At Boston University<\/span><\/h2>\n<p>The BU Turkish program is small but strong. A high percentage of our students regularly win national awards for their Turkish skills, among them the Redhouse award for most improved student of Turkish and prestigious scholarships for advanced-level Turkish study in Turkey. You can be next.<\/p>\n","protected":false},"excerpt":{"rendered":"<p>Neden T\u00fcrk\u00e7e? Turkish is a significant language first because of the sheer numbers of people who speak it. 75 million people speak Turkish as their first language, making it one of the globe\u2019s 15 most widely spoken first languages. There are other communities of speakers in the Balkans and the Caucasus, and several very large [&hellip;]<\/p>\n","protected":false},"author":2184,"featured_media":0,"parent":5,"menu_order":12,"comment_status":"closed","ping_status":"closed","template":"","meta":[],"_links":{"self":[{"href":"https:\/\/www.bu.edu\/wll\/wp-json\/wp\/v2\/pages\/45"}],"collection":[{"href":"https:\/\/www.bu.edu\/wll\/wp-json\/wp\/v2\/pages"}],"about":[{"href":"https:\/\/www.bu.edu\/wll\/wp-json\/wp\/v2\/types\/page"}],"author":[{"embeddable":true,"href":"https:\/\/www.bu.edu\/wll\/wp-json\/wp\/v2\/users\/2184"}],"replies":[{"embeddable":true,"href":"https:\/\/www.bu.edu\/wll\/wp-json\/wp\/v2\/comments?post=45"}],"version-history":[{"count":7,"href":"https:\/\/www.bu.edu\/wll\/wp-json\/wp\/v2\/pages\/45\/revisions"}],"predecessor-version":[{"id":3449,"href":"https:\/\/www.bu.edu\/wll\/wp-json\/wp\/v2\/pages\/45\/revisions\/3449"}],"up":[{"embeddable":true,"href":"https:\/\/www.bu.edu\/wll\/wp-json\/wp\/v2\/pages\/5"}],"wp:attachment":[{"href":"https:\/\/www.bu.edu\/wll\/wp-json\/wp\/v2\/media?parent=45"}],"curies":[{"name":"wp","href":"https:\/\/api.w.org\/{rel}","templated":true}]}}