{"id":3114,"date":"2012-10-18T10:59:04","date_gmt":"2012-10-18T14:59:04","guid":{"rendered":"https:\/\/www.bu.edu\/smartlighting\/?page_id=3114"},"modified":"2013-01-10T13:52:23","modified_gmt":"2013-01-10T18:52:23","slug":"program-3rd-ieee-workshop-on-optical-wireless-communications-owc12","status":"publish","type":"page","link":"https:\/\/www.bu.edu\/smartlighting\/program-3rd-ieee-workshop-on-optical-wireless-communications-owc12\/","title":{"rendered":"Program: 3rd IEEE Workshop on Optical Wireless Communications (OWC&#8217;12)"},"content":{"rendered":"<p><script src=\"http:\/\/www.bu.edu\/nis\/lib\/jquery\/crossslide.js\" type=\"text\/javascript\"><\/script><script type=\"text\/javascript\">\/\/ <![CDATA[\r\n\r\n                                                                  jQuery(document).ready(function($) {   $('#bannerimage').crossSlide({     sleep: 2.0,     fade:1.8,     shuffle: 0   }, [  { src: '\/smartlighting\/files\/2012\/10\/crop_0351.jpg'}, { src: '\/smartlighting\/files\/2012\/10\/crop_0326.jpg' }, { src: '\/smartlighting\/files\/2012\/10\/crop_0328.jpg' }, { src: '\/smartlighting\/files\/2012\/10\/crop_0334.jpg'},  { src: '\/smartlighting\/files\/2012\/10\/crop_03051.jpg' }, { src: '\/smartlighting\/files\/2012\/10\/crop_0301.jpg' }, { src: '\/smartlighting\/files\/2012\/10\/crop_0298.jpg' },  { src: '\/smartlighting\/files\/2012\/10\/crop_0299.jpg' },   ]);   });\r\n\/\/ ]]><\/script><\/p>\n<div id=\"bannerimage\" style=\"width: 542px; height: 251px;\"><\/div>\n<p><strong>Presenting author is in bold<\/strong><\/p>\n<p><strong>8:00-8:20<sub> <\/sub>AM:\u00a0 Welcome &#8211; <\/strong>Overview of the Program by the Workshop Chairs<br \/>\n<strong>Thomas Little<\/strong>, Boston University<\/p>\n<p><strong>Free Space Optical Communications Session Chair: Steve Hranilovic,<\/strong> McMaster University<\/p>\n<p><strong> 8:20-8:40 AM: <\/strong><strong> <\/strong><em><strong> <\/strong><strong>Receiver Design for Shot Noise Limited MIMO FSO\/UV Communication Systems<br \/>\n<\/strong><\/em><strong>Ankit Gupta<\/strong>; Maite Brandt-Pearce<strong>, <\/strong>University of Virginia<\/p>\n<p><strong>8:40-9:00 AM:<em> Impact of Tracking Errors on Dual Diversity Structure Over the Free Space Optics Links<br \/>\n<\/em>Peng Liu<\/strong>; Song Liu, North China Electric Power University; Mitsuji Matsumoto<strong>, <\/strong>Waseda University<\/p>\n<p><strong>9:00- 9:20 AM:<\/strong><em><strong> <\/strong><strong>Opportunistic Cooperation for FSO Links Aided by Decode and Forward Relay<\/strong><strong> <\/strong><br \/>\n<\/em><strong>Qunfeng He<\/strong>, Qualcomm Technologies, Inc.; Zhengyuan Xu<strong>, <\/strong>Tsinghua University <a href=\"\/smartlighting\/files\/2012\/10\/He-Xu-presentation.pdf\">slides<\/a><\/p>\n<p><strong>9:20-9:40 AM:<\/strong> <em><strong>FSO-MIMO Behavior in Variable Atmospheric Turbulence &#8211; an Asymptotic Approach<\/strong><br \/>\n<\/em><strong>Istvan Frigyes<\/strong>; L\u00e1szl\u00f3 Csurgai-Horv\u00e1th; P\u00e9ter Horv\u00e1th, Budapest University of Technology and Economics<\/p>\n<p><strong> <\/strong><\/p>\n<p><strong>9:40-10:00 AM Break<\/strong><strong><strong><strong><strong><strong> <\/strong><\/strong><\/strong><\/strong><\/strong><\/p>\n<p><strong>Modulation <\/strong><strong>Session Chair: <\/strong><strong>Jean Armstrong, <\/strong>Monash University<\/p>\n<p><strong>10:00-<\/strong><strong>10:20<\/strong><strong> AM: <\/strong><em><strong>Achievable Data Rate Analysis of Clipped Flip-OFDM in Optical Wireless Communication<\/strong><\/em><br \/>\n<strong>Zhenhua Yu<\/strong>; Robert John Baxley; G. Tong Zhou<strong>, <\/strong>Georgia Institute of Technology <a href=\"\/smartlighting\/files\/2012\/10\/zhenhua_OWC.pdf\">slides<\/a><\/p>\n<p><strong>10:20-<\/strong><strong>10:40<\/strong><strong> AM:<em> Pulse Shaping in Unipolar OFDM-based Modulation Schemes<br \/>\n<\/em><\/strong>Dobroslav A. Tsonev; Sinan Sinanovi\u0107; <strong>Harald Haas, <\/strong>University of Edinburgh <a href=\"\/smartlighting\/files\/2012\/10\/Hass_Pulse_Shaping_Presentation.pdf\">slides<\/a><\/p>\n<p><strong>10:40-<\/strong><strong>11:00<\/strong><strong> <\/strong><strong> AM:<\/strong><em><strong> <\/strong><strong>Analytical Model for Optical Wireless OFDM System with Digital Signal Restoration<\/strong><strong> <\/strong><br \/>\n<\/em><strong>Evgeny V. Vanin<\/strong>, Acreo AB<\/p>\n<p><strong>11:00-11:20 AM: <em>Position Modulating OFDM for Optical Wireless Communications<br \/>\n<\/em>Asanka Nuwanpriya<\/strong>; Alex Grant; Siu-Wai Ho; Lin Luo, University of South Australia<\/p>\n<p><strong>11:20-11:40 AM: <em>Constellation Design for Color-Shift Keying Using Interior Point Methods<br \/>\n<\/em>Eric Monteiro<\/strong>; Steve Hranilovic, McMaster University <a href=\"\/smartlighting\/files\/2012\/10\/Hranilovic-Monteiro_pdf.pdf\">slides<\/a><\/p>\n<p><strong>11:40-12:00 AM: <em>Performance Analysis of Multi-pulse PPM for Optical Wireless Hierarchical Transmission System<br \/>\n<\/em>Yusuke Kozawa<\/strong>, Tokyo University of Science; Hiromasa Habuchi<strong>, <\/strong>Ibaraki University <a href=\"\/smartlighting\/files\/2012\/10\/Kozawa.pdf\">slides<\/a><\/p>\n<p><strong> <\/strong><\/p>\n<p><strong><strong>12:00-1:00 PM: Lunch <\/strong><\/strong><br \/>\n<strong><strong><strong><strong><strong><strong><strong><strong> <\/strong><\/strong><\/strong><\/strong><\/strong><\/strong><\/strong><\/strong><\/p>\n<p><strong>Imaging <\/strong><strong>Session Chair: Mitsuji Matsumoto, <\/strong>Waseda University<\/p>\n<p><strong> 1:00-<\/strong><strong>1:20<\/strong><strong> AM:\u00a0<em>High-speed Transmission of Overlay Coding for Road-to-Vehicle Visible Light Communication Using LED Array and High-Speed Camera <\/em><\/strong><a href=\"\/smartlighting\/files\/2012\/10\/nisimoto_owc_upload.pdf\">slides<\/a><br \/>\n<strong>Sayaka Nishimoto<\/strong>; Takaya Yamazato; Hiraku Okada; Toshiaki Fujii; Tomohiro Yendo, Nagoya University; Shintaro Arai, Kagawa National College of Technology<\/p>\n<p><strong>1:20-<\/strong><strong>1:40<\/strong><strong> AM:<em> Hemispherical Lens Based Imaging Receiver for MIMO Optical Wireless Communications<br \/>\n<\/em><\/strong>Thomas Wang; Ahmet Sekercioglu;<strong> Jean Armstrong<\/strong>, Monash University <a href=\"\/smartlighting\/files\/2012\/10\/Wang_Armstrong_slides.pdf\">slides<\/a><\/p>\n<p><strong>1:40-<\/strong><strong>2:00<\/strong><strong> <\/strong><strong> AM:<\/strong><em><strong> <\/strong><strong>Using a CMOS Camera Sensor for Visible Light Communication (Invited)<\/strong><strong> <\/strong><br \/>\n<\/em>Christos Danakis; Mostafa Afgani; <strong>Gordon Povey<\/strong>, PureVLC; Ian Underwood; Harald Haas, University of Edinburgh<\/p>\n<p><strong><strong><strong><strong><strong><strong><strong>2:00-2:20 PM: Break<\/strong><\/strong><\/strong><\/strong><\/strong><\/strong><\/strong><\/p>\n<p><strong>Applications <\/strong><strong>Session Chair:<\/strong><strong> Harald Haas, <\/strong>University of Edinburgh<strong> <\/strong><\/p>\n<p><strong> <\/strong><\/p>\n<p><strong> <\/strong><strong> 2:20-<\/strong><strong>2:40<\/strong><strong> PM: <em>State Estimation and Motion Tracking for Spatially Diverse VLC Networks<br \/>\n<\/em>Michael Rahaim<\/strong>; Gregary B Prince; Thomas DC Little<strong>, <\/strong>Boston University <a href=\"\/smartlighting\/files\/2012\/10\/Rahaim_OWC_Presentation.pdf\">slides<\/a><br \/>\n<strong> <\/strong><\/p>\n<p><strong>2:40-<\/strong><strong>3:00<\/strong><strong> PM<\/strong><strong>:<em> Hybrid Visible Light Communications in Intelligent Transportation Systems with Position Based Services<\/em><\/strong><br \/>\n<strong>Jiang Liu<\/strong>, Waseda University; Peter Chan, CTTC-HK; Derrick Wing Kwan Ng, University Erlangen-Nurmberg; Ernest S. Lo, Centre Tecnol\u00f2gic de Telecomunicacions de Catalunya, Hong Kong; Shigeru Shimamoto, Waseda University <a href=\"\/smartlighting\/files\/2012\/10\/JiangLiu_owc.pdf\">slides<\/a><\/p>\n<p><strong>3:00-<\/strong><strong>3:20<\/strong><strong> PM<\/strong><strong>: <em>Designs of a Free-Space White-LED Mass-Storage Transceiver for SD-Card File Transfer<br \/>\n<\/em>Lih Chieh Png<\/strong>; Nhat Le Minh; Liangquan Chen; Kiat Seng Yeo, Nanyang Technological University <a href=\"\/smartlighting\/files\/2012\/10\/Ethan_Png_presentation.pdf\">slides<\/a><\/p>\n<p><strong>3:20-<\/strong><strong>3:40<\/strong><strong> PM<\/strong><strong>:<\/strong><strong> <\/strong><em><strong> <\/strong><strong> <\/strong><strong>An LED-to-LED Visible Light Communication System with Software-Based Synchronization (Invited)<\/strong><strong> <\/strong><br \/>\n<\/em><strong>Stefan Schmid<\/strong>, ETH Zurich; Giorgio Corbellini; Stefan Mangold, Disney Research; Thomas Gross, ETH Zurich <a href=\"\/smartlighting\/files\/2012\/10\/Schmid_.pdf\">slides<\/a><\/p>\n<p><strong>3:40-4:00 PM; Break<\/strong><\/p>\n<p><strong>4:00-5:00 PM: Panel\/Discussion<\/strong><\/p>\n<p><strong>5:00 PM: Wrap Up &#8211; Planning for 2013<\/strong><\/p>\n","protected":false},"excerpt":{"rendered":"<p>Presenting author is in bold 8:00-8:20 AM:\u00a0 Welcome &#8211; Overview of the Program by the Workshop Chairs Thomas Little, Boston University Free Space Optical Communications Session Chair: Steve Hranilovic, McMaster University 8:20-8:40 AM: Receiver Design for Shot Noise Limited MIMO FSO\/UV Communication Systems Ankit Gupta; Maite Brandt-Pearce, University of Virginia 8:40-9:00 AM: Impact of Tracking [&hellip;]<\/p>\n","protected":false},"author":1500,"featured_media":0,"parent":0,"menu_order":35,"comment_status":"closed","ping_status":"closed","template":"","meta":[],"_links":{"self":[{"href":"https:\/\/www.bu.edu\/smartlighting\/wp-json\/wp\/v2\/pages\/3114"}],"collection":[{"href":"https:\/\/www.bu.edu\/smartlighting\/wp-json\/wp\/v2\/pages"}],"about":[{"href":"https:\/\/www.bu.edu\/smartlighting\/wp-json\/wp\/v2\/types\/page"}],"author":[{"embeddable":true,"href":"https:\/\/www.bu.edu\/smartlighting\/wp-json\/wp\/v2\/users\/1500"}],"replies":[{"embeddable":true,"href":"https:\/\/www.bu.edu\/smartlighting\/wp-json\/wp\/v2\/comments?post=3114"}],"version-history":[{"count":50,"href":"https:\/\/www.bu.edu\/smartlighting\/wp-json\/wp\/v2\/pages\/3114\/revisions"}],"predecessor-version":[{"id":3750,"href":"https:\/\/www.bu.edu\/smartlighting\/wp-json\/wp\/v2\/pages\/3114\/revisions\/3750"}],"wp:attachment":[{"href":"https:\/\/www.bu.edu\/smartlighting\/wp-json\/wp\/v2\/media?parent=3114"}],"curies":[{"name":"wp","href":"https:\/\/api.w.org\/{rel}","templated":true}]}}