{"id":6833,"date":"2025-01-13T19:44:49","date_gmt":"2025-01-14T00:44:49","guid":{"rendered":"https:\/\/www.bu.edu\/sequitur\/?page_id=6833"},"modified":"2025-05-02T11:00:30","modified_gmt":"2025-05-02T15:00:30","slug":"volume-11-issue-1-beyond-the-veil","status":"publish","type":"page","link":"https:\/\/www.bu.edu\/sequitur\/volume-11-issue-1-beyond-the-veil\/","title":{"rendered":"volume 11, issue 1: beyond the veil"},"content":{"rendered":"<p style=\"font-weight: 400;\"><strong><a href=\"https:\/\/www.bu.edu\/sequitur\/2025\/01\/13\/editors-introduction-11-1\/\"><span style=\"color: #000000;\">editor\u2019s introduction<\/span><\/a><\/strong><br \/>\n<span style=\"color: #000000;\">Catherine Lennartz<\/span><\/p>\n<p style=\"font-weight: 400;\"><span style=\"color: #000000;\"><strong>feature essays<\/strong><\/span><\/p>\n<p style=\"font-weight: 400;\"><a href=\"https:\/\/www.bu.edu\/sequitur\/2025\/01\/13\/il-perdono-di-gesualdo-art-sin-and-salvation\/\"><span style=\"color: #000000;\"><em>Il Perdono di Gesualdo<\/em>: Art, Sin, and Salvation<\/span><\/a><br \/>\n<span style=\"color: #000000;\">William Chaudoin<\/span><\/p>\n<p style=\"font-weight: 400;\"><a href=\"https:\/\/www.bu.edu\/sequitur\/2025\/01\/13\/david-wojnarowicz-peter-hujar-and-other-worlds-past-a-pre-invented-existence\/\"><span style=\"color: #000000;\">David Wojnarowicz, Peter Hujar, and (Other) Worlds Past a \u201cPre-Invented Existence\u201d<\/span><\/a><br \/>\n<span style=\"color: #000000;\">Gillian Yee<\/span><\/p>\n<p style=\"font-weight: 400;\"><a href=\"https:\/\/www.bu.edu\/sequitur\/2025\/01\/13\/echoes-of-shamanism-reimagining-tradition-and-chance-in-south-korea\/\"><span style=\"color: #000000;\">Echoes of Shamanism: Reimagining Tradition and Chance in South Korea<\/span><\/a><br \/>\n<span style=\"color: #000000;\">Hamin Kim<\/span><\/p>\n<p style=\"font-weight: 400;\"><span style=\"color: #000000;\"><strong>\u00a0<\/strong><strong>visual essay<\/strong><\/span><\/p>\n<p style=\"font-weight: 400;\"><a href=\"https:\/\/www.bu.edu\/sequitur\/2025\/01\/13\/jijnasa-desire-to-know\/\"><span style=\"color: #000000;\"><em>Jij\u00f1\u0101s\u0101<\/em> (desire to know)<\/span><\/a><br \/>\n<span style=\"color: #000000;\">Sayak Mitra<\/span><\/p>\n<p style=\"font-weight: 400;\"><span style=\"color: #000000;\"><strong>research spotlight<\/strong><\/span><\/p>\n<p style=\"font-weight: 400;\"><a href=\"https:\/\/www.bu.edu\/sequitur\/2025\/01\/13\/from-the-tomb-to-the-museum-plinth-chinese-burial-objects-on-display-in-the-victoria-and-albert-museum-and-the-metropolitan-museum-of-art\/\"><span style=\"color: #000000;\">From the Tomb to the Museum Plinth: Chinese Burial Objects on Display in the Victoria and Albert Museum and the Metropolitan Museum of Art<\/span><\/a><br \/>\n<span style=\"color: #000000;\">Elaigha Vilaysane<\/span><\/p>\n<p style=\"font-weight: 400;\"><span style=\"color: #000000;\"><strong>exhibition review<\/strong><\/span><\/p>\n<p style=\"font-weight: 400;\"><a href=\"https:\/\/www.bu.edu\/sequitur\/2025\/01\/13\/dali-disruption-and-devotion\/\"><span style=\"color: #000000;\"><em>Dal\u00ed: Disruption and Devotion<\/em><\/span><\/a><br \/>\n<span style=\"color: #000000;\">Kendall Murphy<\/span><\/p>\n<p style=\"font-weight: 400;\"><span style=\"color: #000000;\"><strong>back matter<br \/>\n<\/strong><\/span><a href=\"https:\/\/www.bu.edu\/sequitur\/2025\/01\/13\/back-matter-11-1\/\"><span style=\"font-weight: 400;\"><span style=\"color: #000000;\">notes about contributors<\/span> <\/span><\/a><\/p>\n","protected":false},"excerpt":{"rendered":"<p>editor\u2019s introduction Catherine Lennartz feature essays Il Perdono di Gesualdo: Art, Sin, and Salvation William Chaudoin David Wojnarowicz, Peter Hujar, and (Other) Worlds Past a \u201cPre-Invented Existence\u201d Gillian Yee Echoes of Shamanism: Reimagining Tradition and Chance in South Korea Hamin Kim \u00a0visual essay Jij\u00f1\u0101s\u0101 (desire to know) Sayak Mitra research spotlight From the Tomb to [&hellip;]<\/p>\n","protected":false},"author":23228,"featured_media":0,"parent":0,"menu_order":2,"comment_status":"closed","ping_status":"closed","template":"","meta":[],"_links":{"self":[{"href":"https:\/\/www.bu.edu\/sequitur\/wp-json\/wp\/v2\/pages\/6833"}],"collection":[{"href":"https:\/\/www.bu.edu\/sequitur\/wp-json\/wp\/v2\/pages"}],"about":[{"href":"https:\/\/www.bu.edu\/sequitur\/wp-json\/wp\/v2\/types\/page"}],"author":[{"embeddable":true,"href":"https:\/\/www.bu.edu\/sequitur\/wp-json\/wp\/v2\/users\/23228"}],"replies":[{"embeddable":true,"href":"https:\/\/www.bu.edu\/sequitur\/wp-json\/wp\/v2\/comments?post=6833"}],"version-history":[{"count":15,"href":"https:\/\/www.bu.edu\/sequitur\/wp-json\/wp\/v2\/pages\/6833\/revisions"}],"predecessor-version":[{"id":7079,"href":"https:\/\/www.bu.edu\/sequitur\/wp-json\/wp\/v2\/pages\/6833\/revisions\/7079"}],"wp:attachment":[{"href":"https:\/\/www.bu.edu\/sequitur\/wp-json\/wp\/v2\/media?parent=6833"}],"curies":[{"name":"wp","href":"https:\/\/api.w.org\/{rel}","templated":true}]}}