{"id":5547,"date":"2022-05-20T22:12:34","date_gmt":"2022-05-21T02:12:34","guid":{"rendered":"https:\/\/www.bu.edu\/sequitur\/?page_id=5547"},"modified":"2022-05-20T22:12:34","modified_gmt":"2022-05-21T02:12:34","slug":"volume-3-issue-2","status":"publish","type":"page","link":"https:\/\/www.bu.edu\/sequitur\/volume-3-issue-2\/","title":{"rendered":"volume 3, issue 2: OOPS"},"content":{"rendered":"<h4>editors&#8217; introduction<\/h4>\n<p><a href=\"https:\/\/www.bu.edu\/sequitur\/2017\/05\/01\/editors-introduction-3-2\/\" target=\"_blank\" rel=\"noopener noreferrer\">Sasha Goldman<\/a><\/p>\n<h4>featured content<br \/>\n<a href=\"https:\/\/www.bu.edu\/sequitur\/2016\/12\/02\/kremnitzer-privatelypublic\/\"><\/a><\/h4>\n<p><a href=\"https:\/\/www.bu.edu\/sequitur\/2017\/05\/01\/keep-hands-off-them-the-case-of-the-priapic-votives-at-the-british-museum\/\" target=\"_blank\" rel=\"noopener noreferrer\">Keep Hands Off Them\u2019: The Case of the Priapic Votives at the British Museum<\/a><br \/>\nRoxanne Smith<\/p>\n<h4>research spotlight<br \/>\n<a href=\"https:\/\/www.bu.edu\/sequitur\/2016\/12\/02\/watlington-wrapped\/\"><\/a><\/h4>\n<p><a href=\"https:\/\/www.bu.edu\/sequitur\/2017\/05\/01\/a-new-database-of-muslim-womens-patronage-proof-of-concept\/\" target=\"_blank\" rel=\"noopener noreferrer\">A New Database of Muslim Women\u2019s Patronage: Proof of Concept<\/a><br \/>\nChelsea Baumgartner<\/p>\n<p><a href=\"https:\/\/www.bu.edu\/sequitur\/2017\/05\/01\/locating-adolf-looss-house-for-josephine-baker\/\" target=\"_blank\" rel=\"noopener noreferrer\">Locating Adolf Loos\u2019s House for Josephine Baker<\/a><br \/>\nBy Nicholas Pacula<\/p>\n<h4>exhibition reviews<br \/>\n<a href=\"https:\/\/www.bu.edu\/sequitur\/2016\/12\/02\/braun-megacities\/\"><\/a><\/h4>\n<p><a href=\"https:\/\/www.bu.edu\/sequitur\/2017\/05\/01\/maurizio-cattelan-not-afraid-of-love\/\" target=\"_blank\" rel=\"noopener noreferrer\"><em>Maurizio Cattelan: Not Afraid of Love<\/em><\/a><br \/>\nMonnaie de Paris, Paris, France<br \/>\nSasha Goldman<\/p>\n<p><a href=\"https:\/\/www.bu.edu\/sequitur\/2017\/05\/01\/by-the-people-designing-a-better-america\/\" target=\"_blank\" rel=\"noopener noreferrer\"><em>By the People: Designing a Better America<\/em><\/a><br \/>\nCooper Hewitt, Smithsonian Design Museum<br \/>\nLydia Harrington<\/p>\n<p><a href=\"https:\/\/www.bu.edu\/sequitur\/2017\/05\/01\/the-mysterious-landscapes-of-hercules-segers\/\" target=\"_blank\" rel=\"noopener noreferrer\"><em>The Mysterious Landscapes of Hercules Segers<\/em><\/a><br \/>\nMetropolitan Museum of Art, New York<br \/>\nRachel Hofer<\/p>\n<p><a href=\"https:\/\/www.bu.edu\/sequitur\/2017\/05\/01\/embodied-absence-chilean-art-from-the-1970s-to-now\/\" target=\"_blank\" rel=\"noopener noreferrer\"><em>Embodied Absence: Chilean Art from the 1970s to Now<\/em><\/a><br \/>\nCarpenter Center for the Visual Arts, Harvard University, Cambridge, MA<br \/>\nDefne K\u0131rm\u0131z\u0131<\/p>\n<p><a href=\"https:\/\/www.bu.edu\/sequitur\/2017\/05\/01\/the-art-of-the-quran-treasures-from-the-museum-of-turkish-and-islamic-arts\/\" target=\"_blank\" rel=\"noopener noreferrer\"><em>The Art of the Qur\u2019an: Treasures from the Museum of Turkish and Islamic Arts<\/em><\/a><br \/>\nArthur M. Sackler Gallery, Washington D.C.<br \/>\nAriana Panbechi<\/p>\n<p><a href=\"https:\/\/www.bu.edu\/sequitur\/2017\/05\/01\/dreamlands-immersive-cinema-and-art-1905-2016\/\" target=\"_blank\" rel=\"noopener noreferrer\"><em>Dreamlands: Immersive Cinema and Art, 1905\u20142016<\/em><\/a><br \/>\nWhitney Museum of American Art, New York<br \/>\nWilliam Schwaller<\/p>\n<p><a href=\"https:\/\/www.bu.edu\/sequitur\/2016\/12\/02\/davidow-salcedo\/\">Doris Salcedo: The Materiality of Mourning<\/a><br \/>\nHarvard Art Museums<\/p>\n<h4><strong>symposium reflection<\/strong><\/h4>\n<p><a href=\"https:\/\/www.bu.edu\/sequitur\/2017\/05\/01\/trashed-rejection-and-recovery-in-the-history-of-art-and-architecture-the-33rd-annual-boston-university-graduate-student-symposium\/\" target=\"_blank\" rel=\"noopener noreferrer\">Trashed: Rejection and Recovery in the History of Art and Architecture \u2013 The 33rd Annual Boston University Graduate Student Symposium in the History of Art &amp; Architecture, March 24-25, 2017<\/a><br \/>\nKelsey Gustin<\/p>\n<h4>back matter<br \/>\n<a href=\"https:\/\/www.bu.edu\/sequitur\/2016\/12\/02\/notes-about-contributors-3-1\/\"><\/a><\/h4>\n<p><a href=\"https:\/\/www.bu.edu\/sequitur\/2017\/05\/01\/notes-about-contributors-3-2\/\" target=\"_blank\" rel=\"noopener noreferrer\">Notes about Contributors<\/a><\/p>\n","protected":false},"excerpt":{"rendered":"<p>editors&#8217; introduction Sasha Goldman featured content Keep Hands Off Them\u2019: The Case of the Priapic Votives at the British Museum Roxanne Smith research spotlight A New Database of Muslim Women\u2019s Patronage: Proof of Concept Chelsea Baumgartner Locating Adolf Loos\u2019s House for Josephine Baker By Nicholas Pacula exhibition reviews Maurizio Cattelan: Not Afraid of Love Monnaie [&hellip;]<\/p>\n","protected":false},"author":17807,"featured_media":0,"parent":0,"menu_order":12,"comment_status":"closed","ping_status":"closed","template":"","meta":[],"_links":{"self":[{"href":"https:\/\/www.bu.edu\/sequitur\/wp-json\/wp\/v2\/pages\/5547"}],"collection":[{"href":"https:\/\/www.bu.edu\/sequitur\/wp-json\/wp\/v2\/pages"}],"about":[{"href":"https:\/\/www.bu.edu\/sequitur\/wp-json\/wp\/v2\/types\/page"}],"author":[{"embeddable":true,"href":"https:\/\/www.bu.edu\/sequitur\/wp-json\/wp\/v2\/users\/17807"}],"replies":[{"embeddable":true,"href":"https:\/\/www.bu.edu\/sequitur\/wp-json\/wp\/v2\/comments?post=5547"}],"version-history":[{"count":2,"href":"https:\/\/www.bu.edu\/sequitur\/wp-json\/wp\/v2\/pages\/5547\/revisions"}],"predecessor-version":[{"id":5554,"href":"https:\/\/www.bu.edu\/sequitur\/wp-json\/wp\/v2\/pages\/5547\/revisions\/5554"}],"wp:attachment":[{"href":"https:\/\/www.bu.edu\/sequitur\/wp-json\/wp\/v2\/media?parent=5547"}],"curies":[{"name":"wp","href":"https:\/\/api.w.org\/{rel}","templated":true}]}}