{"id":3338,"date":"2024-04-18T11:27:08","date_gmt":"2024-04-18T15:27:08","guid":{"rendered":"https:\/\/www.bu.edu\/reinhardlab\/?page_id=3338"},"modified":"2026-01-02T18:51:37","modified_gmt":"2026-01-02T23:51:37","slug":"2024-2","status":"publish","type":"page","link":"https:\/\/www.bu.edu\/reinhardlab\/publications\/2024-2\/","title":{"rendered":"2024"},"content":{"rendered":"<h1><\/h1>\n<p><img loading=\"lazy\" src=\"\/reinhardlab\/files\/2024\/04\/BMR-1-e1713454021177.png\" alt=\"\" width=\"232\" height=\"155\" class=\"alignleft wp-image-3342 \" \/><a href=\"https:\/\/iopscience.iop.org\/article\/10.1088\/2040-8986\/ad0e85\">Roadmap on optical sensors<\/a>, M\u00e1rio F S Ferreira, Gilberto Brambilla, Luc Th\u00e9venaz, Xian Feng, Lei Zhang, Misha Sumetsky, Callum Jones, Srikanth Pedireddy, Frank Vollmer, Peter D Dragic, Ori Henderson-Sapir, David J Ottaway, Elodie Strupiechonski, Goretti G Hernandez-Cardoso, Arturo I Hernandez-Serrano, Francisco J Gonz\u00e1lez, Enrique Castro Camus, Alexis M\u00e9ndez, Paola Saccomandi, Qimin Quan, Zhongcong Xie, Bj\u00f6rn M Reinhard and Max Diem. <span>\u00a0<\/span><i>Journal of Optics<\/i><span>,\u00a0<\/span><i>26<\/i><span>(1), 013001.<\/span><\/p>\n<p>&nbsp;<\/p>\n<p>&nbsp;<\/p>\n<p><span><img loading=\"lazy\" src=\"\/reinhardlab\/files\/2024\/04\/yq.png\" alt=\"\" width=\"231\" height=\"183\" class=\"alignleft wp-image-3340 size-full\" \/><a href=\"https:\/\/pubs.rsc.org\/en\/content\/articlelanding\/2024\/nr\/d3nr06464f\">Membrane fluidity properties of lipid-coated polylactic acid nanoparticles<\/a>, Yuanqing Gu and Bj\u00f6rn M. Reinhard. <i>Nanoscale<\/i>,\u00a0<i>16<\/i>(17), 8533\u20138545.<\/span><\/p>\n<p>&nbsp;<\/p>\n<p>&nbsp;<\/p>\n<p>&nbsp;<\/p>\n<p>&nbsp;<\/p>\n<p><img loading=\"lazy\" src=\"https:\/\/pubs.rsc.org\/en\/Image\/Get?imageInfo.ImageType=GA&amp;imageInfo.ImageIdentifier.ManuscriptID=D4NR01288G&amp;imageInfo.ImageIdentifier.Year=2024\" alt=\"Graphical abstract: Two-color interferometric scattering (iSCAT) microscopy reveals structural dynamics in discrete plasmonic molecules\" class=\"alignleft\" width=\"233\" height=\"111\" \/> <span><a href=\"https:\/\/pubs.rsc.org\/en\/content\/articlelanding\/2024\/nr\/d4nr01288g\">Two-color Interferometric Scattering (iSCAT) Microscopy Reveals Structural Dynamics in Discrete Plasmonic Molecules<\/a>, Velasco, L., Islam, A. N., Kundu, K., Oi, A., &amp; Reinhard, B. M. <i>Nanoscale<\/i>,\u00a0<i>16<\/i>(24), 11696\u201311704.<\/span><\/p>\n<p>&nbsp;<\/p>\n<p>&nbsp;<\/p>\n<p>&nbsp;<\/p>\n<p>&nbsp;<\/p>\n<p><img loading=\"lazy\" src=\"\/reinhardlab\/files\/2026\/01\/images_large_nn4c07442_0008-393x300.jpeg\" alt=\"\" width=\"226\" height=\"172\" class=\"alignleft wp-image-3461 \" srcset=\"https:\/\/www.bu.edu\/reinhardlab\/files\/2026\/01\/images_large_nn4c07442_0008-393x300.jpeg 393w, https:\/\/www.bu.edu\/reinhardlab\/files\/2026\/01\/images_large_nn4c07442_0008.jpeg 732w\" sizes=\"(max-width: 226px) 100vw, 226px\" \/><a href=\"https:\/\/pubs.acs.org\/doi\/full\/10.1021\/acsnano.4c07442\">Direct Excitation Transfer in Plasmonic Metal-Chalcopyrite-Hybrids: Insights from Single Particle Line Shape Analysis<\/a>, <span>Ouyang, T., Chen, Y., Kundu, K., Zhong, X., Mei, Y., Nalluri, A., Dennis, A. M., &amp; Reinhard, B. M. <i>ACS Nano<\/i>,\u00a0<i>18<\/i>(32), 21565\u201321575.<\/span><\/p>\n<p>&nbsp;<\/p>\n<p>&nbsp;<\/p>\n<p>&nbsp;<\/p>\n<p>&nbsp;<\/p>\n<p><img loading=\"lazy\" src=\"\/reinhardlab\/files\/2026\/01\/images_large_ja4c09495_0008-468x300.jpeg\" alt=\"\" width=\"240\" height=\"154\" class=\" wp-image-3462 alignleft\" srcset=\"https:\/\/www.bu.edu\/reinhardlab\/files\/2026\/01\/images_large_ja4c09495_0008-468x300.jpeg 468w, https:\/\/www.bu.edu\/reinhardlab\/files\/2026\/01\/images_large_ja4c09495_0008-768x492.jpeg 768w, https:\/\/www.bu.edu\/reinhardlab\/files\/2026\/01\/images_large_ja4c09495_0008.jpeg 869w\" sizes=\"(max-width: 240px) 100vw, 240px\" \/><span><a href=\"https:\/\/pubs.acs.org\/doi\/full\/10.1021\/jacs.4c09495\">Probing the origins of the Disorder-to-Order transition of a modified cholesterol in ternary lipid bilayers<\/a>, Majumder, A., Gu, Y., Chen, Y., An, X., Reinhard, B. M., &amp; Straub, J. E. \u00a0<i>Journal of the American Chemical Society<\/i>,\u00a0<i>146<\/i>(40), 27725\u201327735.<\/span><\/p>\n<p>&nbsp;<\/p>\n","protected":false},"excerpt":{"rendered":"<p>Roadmap on optical sensors, M\u00e1rio F S Ferreira, Gilberto Brambilla, Luc Th\u00e9venaz, Xian Feng, Lei Zhang, Misha Sumetsky, Callum Jones, Srikanth Pedireddy, Frank Vollmer, Peter D Dragic, Ori Henderson-Sapir, David J Ottaway, Elodie Strupiechonski, Goretti G Hernandez-Cardoso, Arturo I Hernandez-Serrano, Francisco J Gonz\u00e1lez, Enrique Castro Camus, Alexis M\u00e9ndez, Paola Saccomandi, Qimin Quan, Zhongcong Xie, Bj\u00f6rn [&hellip;]<\/p>\n","protected":false},"author":20667,"featured_media":0,"parent":2524,"menu_order":3,"comment_status":"closed","ping_status":"closed","template":"","meta":[],"_links":{"self":[{"href":"https:\/\/www.bu.edu\/reinhardlab\/wp-json\/wp\/v2\/pages\/3338"}],"collection":[{"href":"https:\/\/www.bu.edu\/reinhardlab\/wp-json\/wp\/v2\/pages"}],"about":[{"href":"https:\/\/www.bu.edu\/reinhardlab\/wp-json\/wp\/v2\/types\/page"}],"author":[{"embeddable":true,"href":"https:\/\/www.bu.edu\/reinhardlab\/wp-json\/wp\/v2\/users\/20667"}],"replies":[{"embeddable":true,"href":"https:\/\/www.bu.edu\/reinhardlab\/wp-json\/wp\/v2\/comments?post=3338"}],"version-history":[{"count":20,"href":"https:\/\/www.bu.edu\/reinhardlab\/wp-json\/wp\/v2\/pages\/3338\/revisions"}],"predecessor-version":[{"id":3466,"href":"https:\/\/www.bu.edu\/reinhardlab\/wp-json\/wp\/v2\/pages\/3338\/revisions\/3466"}],"up":[{"embeddable":true,"href":"https:\/\/www.bu.edu\/reinhardlab\/wp-json\/wp\/v2\/pages\/2524"}],"wp:attachment":[{"href":"https:\/\/www.bu.edu\/reinhardlab\/wp-json\/wp\/v2\/media?parent=3338"}],"curies":[{"name":"wp","href":"https:\/\/api.w.org\/{rel}","templated":true}]}}