{"id":30,"date":"2012-09-17T12:25:47","date_gmt":"2012-09-17T16:25:47","guid":{"rendered":"https:\/\/www.bu.edu\/pasi-tsunami\/?page_id=30"},"modified":"2012-09-25T12:21:47","modified_gmt":"2012-09-25T16:21:47","slug":"about-cctval","status":"publish","type":"page","link":"https:\/\/www.bu.edu\/pasi-tsunami\/about\/about-cctval\/","title":{"rendered":"About CCTVal"},"content":{"rendered":"<h2>\u201cBasal\u201d funding<\/h2>\n<p>In 2009, Universidad T\u00e9cnica Federico Santa Mar\u00eda (UTFSM) developed a proposal and finally won a 5-year, US$10 million funding from the Chilean government for a\u00a0<a href=\"http:\/\/www.conicyt.cl\/573\/propertyvalue-2440.html\" target=\"_blank\">Basal technology center<\/a>. \u00a0This funding establishes the Scientific and Technological Center of Valpara\u00edso (acronym in Spanish is\u00a0<a href=\"http:\/\/www.cctval.usm.cl\/\" target=\"_blank\">CCTVal<\/a>, for\u00a0<em>Centro Cient\u00edfico y Tecnol\u00f3gico de Valpara\u00edso<\/em>)<\/p>\n<p>Only five projects in Chile were awarded the Basal funding in this round, formally offered by the President of Chile, Michelle Bachelet, on September 2009. \u00a0Previously, in 2008, eight centers had been awarded funding, among them the now prominent Center for Mathematical Modeling,\u00a0<a href=\"http:\/\/www.cmm.uchile.cl\/\" target=\"_blank\">CMM<\/a>.<\/p>\n<p>The Basal program of Chile\u2019s\u00a0<a href=\"http:\/\/www.conicyt.cl\/\" target=\"_blank\">CONICYT<\/a> is the most important funding effort to date in the country, immersed in the government\u2019s new strategy to strengthen scientific research and technology. \u00a0The program was created to fund centers of excellence in science and technology that must incorporate the participation of the private sector and count with international networks of collaboration.<\/p>\n<h2>Focus of CCTVal<\/h2>\n<p>The center created in Valpara\u00edso consists of three groups: \u00a0(1) High-energy physics; (2) High-performance computing; (3) Power electronics.<\/p>\n<p>The center involves collaborations with several international scientific organizations: \u00a0The Max-Planck Institute of Germany; the European Center for Nuclear Research (CERN) in Switzerland; and in the US, the Jefferson Laboratory in Virginia and the National Accelerator Laboratory (SLAC) in California.<\/p>\n<h2>Support for this PASI<\/h2>\n<p>The CCTVal has approved supplementary funding for this PASI in an amount nearing US$10,000. \u00a0These funds will be used to offer hosting (labs, AV equipment and staff, coffee breaks, speaker recognition dinner) and support for students coming from other Chilean cities to help with lodging in Valpara\u00edso.<\/p>\n","protected":false},"excerpt":{"rendered":"<p>\u201cBasal\u201d funding In 2009, Universidad T\u00e9cnica Federico Santa Mar\u00eda (UTFSM) developed a proposal and finally won a 5-year, US$10 million funding from the Chilean government for a\u00a0Basal technology center. \u00a0This funding establishes the Scientific and Technological Center of Valpara\u00edso (acronym in Spanish is\u00a0CCTVal, for\u00a0Centro Cient\u00edfico y Tecnol\u00f3gico de Valpara\u00edso) Only five projects in Chile were [&hellip;]<\/p>\n","protected":false},"author":6513,"featured_media":0,"parent":13,"menu_order":4,"comment_status":"closed","ping_status":"closed","template":"","meta":[],"_links":{"self":[{"href":"https:\/\/www.bu.edu\/pasi-tsunami\/wp-json\/wp\/v2\/pages\/30"}],"collection":[{"href":"https:\/\/www.bu.edu\/pasi-tsunami\/wp-json\/wp\/v2\/pages"}],"about":[{"href":"https:\/\/www.bu.edu\/pasi-tsunami\/wp-json\/wp\/v2\/types\/page"}],"author":[{"embeddable":true,"href":"https:\/\/www.bu.edu\/pasi-tsunami\/wp-json\/wp\/v2\/users\/6513"}],"replies":[{"embeddable":true,"href":"https:\/\/www.bu.edu\/pasi-tsunami\/wp-json\/wp\/v2\/comments?post=30"}],"version-history":[{"count":6,"href":"https:\/\/www.bu.edu\/pasi-tsunami\/wp-json\/wp\/v2\/pages\/30\/revisions"}],"predecessor-version":[{"id":321,"href":"https:\/\/www.bu.edu\/pasi-tsunami\/wp-json\/wp\/v2\/pages\/30\/revisions\/321"}],"up":[{"embeddable":true,"href":"https:\/\/www.bu.edu\/pasi-tsunami\/wp-json\/wp\/v2\/pages\/13"}],"wp:attachment":[{"href":"https:\/\/www.bu.edu\/pasi-tsunami\/wp-json\/wp\/v2\/media?parent=30"}],"curies":[{"name":"wp","href":"https:\/\/api.w.org\/{rel}","templated":true}]}}