{"id":829,"date":"2023-07-21T12:43:31","date_gmt":"2023-07-21T16:43:31","guid":{"rendered":"https:\/\/www.bu.edu\/medieval\/?page_id=829"},"modified":"2024-08-08T09:42:33","modified_gmt":"2024-08-08T13:42:33","slug":"resources-by-type","status":"publish","type":"page","link":"https:\/\/www.bu.edu\/medieval\/academics\/resources\/resources-by-type\/","title":{"rendered":"Resources by Type"},"content":{"rendered":"<p><strong>Resources by Type:<\/strong><\/p>\n<p><strong>Artwork and Art History Resources<\/strong><\/p>\n<p><a href=\"https:\/\/libguides.mit.edu\/islam-arch\/manuscripts\">Art and Architecture of the Islamic World: Manuscripts &amp; Painting<\/a>, Massachusetts Institute of Technology Libraries<\/p>\n<p>MIT Libraries&#8217; digitized collections include Mughal, Ottoman, and Safavid resources, compiled from various university and institutional websites globally.<\/p>\n<p><a href=\"https:\/\/ignca.gov.in\/online-digital-resources\/\">Indira Gandhi National Centre for the Arts, Ministry of Culture<\/a>, Government of India<\/p>\n<p>The Indira Gandhi National Centre for the Arts&#8217; digital library hosts multiple resources, including digitized manuscripts, online books, exhibitions, archaeological sites, and resources for the arts.<\/p>\n<p><a href=\"https:\/\/theindex.princeton.edu\/\">The Index of Medieval Art<\/a> (formerly known as the Index of Christian Art), Princeton University<\/p>\n<p>The Index of Medieval Art is a database of images and descriptions of iconography produced between late antiquity and the sixteenth century. It includes secular objects, Christian objects, and &#8220;a growing number of subjects from medieval Jewish and Islamic culture&#8221;.<\/p>\n<p>&nbsp;<\/p>\n<p><strong>Book Reviews<\/strong><\/p>\n<p><a href=\"https:\/\/scholarworks.iu.edu\/journals\/index.php\/tmr\">The Medieval Review<\/a> (formerly The Bryn Mawr Medieval Review), Indiana University<\/p>\n<p>The Medieval Review publishes reviews of scholarly books relevant to medieval studies.<\/p>\n<p>&nbsp;<\/p>\n<p><strong>Digital Archives, Indexes, Databases, and Dictionaries<\/strong><\/p>\n<p><a href=\"https:\/\/anglo-norman.net\/\">Anglo-Norman Dictionary<\/a>, hosted by the University of Glasgow, maintained by Brian Aitken<\/p>\n<p>The Anglo-Norman Dictionary is a dictionary of Anglo-Norman English and includes scholarly articles about Anglo-Norman texts and culture.<\/p>\n<p><a href=\"https:\/\/www.illuminatedmanuscripts.org\/pages\/blogs-and-internet-groups\">Illuminated Manuscripts: Blogs and Internet Groups<\/a><\/p>\n<p>This directory of online resources includes links to blogs, podcasts, virtual groups, and digitized manuscript collections.<\/p>\n<p><a href=\"https:\/\/ignca.gov.in\/online-digital-resources\/\">Indira Gandhi National Centre for the Arts, Ministry of Culture<\/a>, Government of India<\/p>\n<p>The Indira Gandhi National Centre for the Arts&#8217; digital library hosts multiple resources, including digitized manuscripts, online books, exhibitions, archaeological sites, and resources for the arts.<\/p>\n<p><a href=\"https:\/\/sourcebooks.fordham.edu\/sbook.asp\">Internet Medieval Sourcebook<\/a>, Fordham University<\/p>\n<p>Internet Medieval Sourcebook includes translated sources provided through the Online Reference Book for Medieval Studies (ORB). It is primarily Eurocentric, but includes some Islamic sources.<\/p>\n<p>https:\/\/www.bu.edu\/medieval\/wp-admin\/post.php?post=826&#038;action=edit<\/p>\n<p><a href=\"https:\/\/www.medici.org\/\">The Medici Archive Project<\/a>, access provided by Johns Hopkins University<\/p>\n<p>The Medici Archive Project was &#8220;founded to study the epistolary collection of the Medici Grand Dukes&#8221; and dates from 1537 to 1743.<\/p>\n<p><a href=\"https:\/\/blogs.commons.georgetown.edu\/labyrinth\/\">The Labyrinth<\/a>, created by Deborah Everhart and Martin Irvine, Georgetown University<\/p>\n<p>The Labyrinth, the longest continuously available website in the humanities, reflects the development of online scholarly communities in medieval studies specifically. It offers online resources for research and pedagogy.<\/p>\n<p><a href=\"https:\/\/www.princeton.edu\/~lancelot\/ss\/\">The Princeton Charrette Project<\/a>, Princeton University<\/p>\n<p>The Princeton Charrette Project is a &#8220;complex, scholarly, multi-media electronic archive containing a medieval manuscript tradition &#8211; that of Chr<span>\u00e9tien de Troyes\u2019s Le Chevalier de la Charrette (Lancelot, ca. 1180)&#8221;.<br \/>\n<\/span><\/p>\n<p><a href=\"https:\/\/theindex.princeton.edu\/\">The Index of Medieval Art<\/a> (formerly known as the Index of Christian Art), Princeton University<\/p>\n<p>The Index of Medieval Art is a database of images and descriptions of iconography produced between late antiquity and the sixteenth century. It includes secular objects, Christian objects, and &#8220;a growing number of subjects from medieval Jewish and Islamic culture&#8221;.<\/p>\n<p>&nbsp;<\/p>\n<p><strong>Exhibitions, Exhibition Catalogues, and Collectives<\/strong><\/p>\n<p><a href=\"https:\/\/beyondwords2016.org\/\"><em>Beyond Words<\/em><\/a>, 2016, curated by Jeffrey Hamburger (Harvard University), William P. Stoneman (Houghton Library, Harvard University), Anne-Marie Eze (Isabella Stewart Gardner Museum), Lisa Fagin Davis (Medieval Academy of America), and Nancy Netzer (McMullen Museum of Art, Boston College)<\/p>\n<p><em>Beyond Words<\/em>, a 2016 exhibit that brought together illuminated manuscripts from 19 Boston-area collections, maintains a website and online catalogue.<\/p>\n<p><a href=\"https:\/\/ignca.gov.in\/online-digital-resources\/\">Indira Gandhi National Centre for the Arts, Ministry of Culture<\/a>, Government of India<\/p>\n<p>The Indira Gandhi National Centre for the Arts&#8217; digital library hosts multiple resources, including digitized manuscripts, online books, exhibitions, archaeological sites, and resources for the arts.<\/p>\n<p><a href=\"https:\/\/www.northofbyzantium.org\/\">North of Byzantium<\/a>, organized by Maria Alessia Rossi and Alice Isabella Sullivan<\/p>\n<p>North of Byzantium compiles European, medieval art, architecture, and visual culture.<\/p>\n<p>&nbsp;<\/p>\n<p><strong>Lectures<\/strong><\/p>\n<p><a href=\"https:\/\/hutchinscenter.fas.harvard.edu\/christian-africamedieval-africa-300-1600-ce-1-5\">Christian Africa\/Medieval Africa Recorded Lectures<\/a>, Harvard University<\/p>\n<p>Harvard University&#8217;s Hutchins Center for African &amp; African American Research has published recorded lectures about Christian and medieval Africa.<\/p>\n<p>&nbsp;<\/p>\n<p><strong>Manuscripts Collections (Digitized)<\/strong><\/p>\n<p><a href=\"https:\/\/libguides.mit.edu\/islam-arch\/manuscripts\">Art and Architecture of the Islamic World: Manuscripts &amp; Painting<\/a>, Massachusetts Institute of Technology Libraries<\/p>\n<p>MIT Libraries&#8217; digitized collections include Mughal, Ottoman, and Safavid resources, compiled from various university and institutional websites globally.<\/p>\n<p><a href=\"https:\/\/txm-bfm.huma-num.fr\/txm\/\">Base de Fran\u00e7ais M\u00e9di\u00e9val<\/a><\/p>\n<p><span>Base de Fran\u00e7ais M\u00e9di\u00e9val is a collection of medieval French texts dating from the 9th through 15th centuries.<br \/>\n<\/span><\/p>\n<p><span><a href=\"https:\/\/bvmm.irht.cnrs.fr\/\">Biblioth\u00e8que Virtuelle des Manuscrits M\u00e9di\u00e9vau<\/a>, Institut de Recherche et d\u2019Histoire des Texts <\/span><\/p>\n<p><span>The French virtual library of medieval manuscripts, Biblioth\u00e8que Virtuelle des Manuscrits M\u00e9di\u00e9vaux, <\/span>contains more than 1000 complete manuscripts in color, 600 in black-and-white, and portions of 4200 incomplete illuminated manuscripts and incunables.<\/p>\n<p><a href=\"https:\/\/dlmm.library.jhu.edu\/en\/christine-de-pizan-digital-scriptorium\/who-is-christine-de-pizan\/\">Digital Library of Medieval Manuscripts<\/a>, Johns Hopkins University<\/p>\n<p>Johns Hopkins University&#8217;s Digital Library of Medieval Manuscripts includes two major French manuscript projects, the Roman de la Rose Digital Library and the Christine de Pizan Digital Scriptorium.<\/p>\n<p><a href=\"https:\/\/www.bl.uk\/manuscripts\/\">Digitised Manuscripts<\/a>, The British Library<\/p>\n<p>The British Library&#8217;s digitized manuscripts collection spans from East to West, including a diverse array of Greek, Indian, Thai, Malay, Persian, Hebrew, and British manuscripts, among many others.<\/p>\n<p><a href=\"https:\/\/digitizedmedievalmanuscripts.org\/\">Digitized Medieval Manuscripts<\/a>, founded by Giulio Menna, MA, and Co-Founder Marjolein de Vos, MA<\/p>\n<p>Digitized Medieval Manuscripts includes 500+ links to digitized full work and fragments of European manuscripts. It also includes an interactive map.<\/p>\n<p><a href=\"https:\/\/library.harvard.edu\/libraries\/houghton#collections\">Houghton Library, Harvard University<\/a><\/p>\n<p>Harvard University&#8217;s Houghton Library houses early books and manuscripts dating from 3000 BCE to 1600 CE. There is an emphasis on Western materials, but the collection is strong in Arabic, Indic, Persian, and Syriac manuscripts.<\/p>\n<p><a href=\"https:\/\/ignca.gov.in\/online-digital-resources\/\">Indira Gandhi National Centre for the Arts, Ministry of Culture<\/a>, Government of India<\/p>\n<p>The Indira Gandhi National Centre for the Arts&#8217; digital library hosts multiple resources, including digitized manuscripts, online books, exhibitions, archaeological sites, and resources for the arts.<\/p>\n<p><a href=\"https:\/\/dpul.princeton.edu\/islamicmss\">Manuscripts of the Islamic World, Princeton University<\/a><\/p>\n<p>Manuscripts of the Islamic World is a curated selection of manuscripts hosted or held by Princeton University Library. The manuscripts are predominantly in Arabic, with others in Persian and Ottoman Turkish.<\/p>\n<p><a href=\"http:\/\/www.manuscripta-mediaevalia.de\/#|4\">Manuscripta Mediaevalia<\/a>, collaboration between German manuscript libraries and repositories funded by the Deutsche Forschungsgemeinschaft<\/p>\n<p>Manuscripta Mediaevalia provides access to descriptions and digital images of over 90,000 German manuscripts.<\/p>\n<p><a href=\"https:\/\/www.manuscriptsonline.org\/\">Manuscripts Online<\/a><\/p>\n<p>Manuscripts Online is a collection of primary sources relevant to written and early printed culture in Britain from 1000 to 1500 AD.<\/p>\n<p><a href=\"https:\/\/blogs.bl.uk\/digitisedmanuscripts\/index.html\">Medieval Manuscripts Blog<\/a>, The British Library<\/p>\n<p>The British Library&#8217;s Medieval Manuscripts Blog posts articles and guides to the library&#8217;s expansive manuscripts collections.<\/p>\n<p><a href=\"https:\/\/www.loc.gov\/collections\/persian-language-rare-materials\/about-this-collection\/\">Persian Language Rare Materials<\/a>, The Library of Congress<\/p>\n<p>Persian Language Rare Materials includes 150 digitized Persian manuscripts dating as early as the 13th century.<\/p>\n<p><a href=\"https:\/\/www.qdl.qa\/en\/about\">Qatar Digital Library<\/a><\/p>\n<p>The Qatar Digital Library&#8217;s online collection includes digitized, medieval Arabic manuscripts.<\/p>\n<p><a href=\"https:\/\/www.bl.uk\/the-middle-ages\">The Middle Ages, The British Library<\/a><\/p>\n<p>The British Library&#8217;s website, a valuable resource itself, contains a Middle Ages section with digitized manuscripts and relevant articles.<\/p>\n<p><a href=\"http:\/\/wamcp.bibalex.org\/\">Wellcome Arabic Manuscripts Online<\/a>, Wellcome Library<\/p>\n<p>Wellcome Arabic Manuscripts Online is a collection of London&#8217;s Wellcome Library and comprises approximately 1000 manuscript books and fragments relating to the history of medicine.<\/p>\n<p>&nbsp;<\/p>\n<p><strong>Maps<\/strong><\/p>\n<p><a href=\"https:\/\/www.davidrumsey.com\/\">David Rumsey Map Collection<\/a>, powered by Luna Imaging<\/p>\n<p>The David Rumsey Map Collection includes 123,884 maps and images including rare 17th and 18th century North American maps and other cartographic materials, as well as maps of the globe, Africa, Asia, and Europe.<\/p>\n<p><a href=\"https:\/\/historiacartarum.org\/medieval-maps-and-mapping-resources\/\">Historia Cartarum<\/a>, managed by Dr. Helen Davies, Chris Rouse, Tobias Hrynick, and Dr. John Wyatt Greenlee<\/p>\n<p>Historia Cartarum is a bibliography, collection, and directory of cartographic resources spanning the medieval to modern period.<\/p>\n<p><a href=\"https:\/\/darmc.harvard.edu\/\">Mapping Past Societies<\/a> (formerly the Digital Atlas of Roman and Medieval Civilizations), Harvard University<\/p>\n<p>Mapping Past Societies, a large-scale, interactive, digital map, includes major Medieval towns and a global bibliography.<\/p>\n<p><a href=\"https:\/\/depts.washington.edu\/silkroad\/maps\/maps.html\">Silk Road Seattle<\/a>, Washington University<\/p>\n<p>Silk Road Seattle uses the Silk Road as a theme to enable users to search maps by civilizations, geographic areas, or individuals.<strong><\/strong><\/p>\n<p>&nbsp;<\/p>\n<p><strong>Research Guides<br \/>\n<\/strong><\/p>\n<p><a href=\"https:\/\/www.bloomsburymedievalstudies.com\/article?docid=b-9781350895676&amp;tocid=b-9781350895676-011\">An Introduction to African Kingdoms, c. 400-1500<\/a>, Adam Simmons, Bloomsbury Medieval Studies<\/p>\n<p>This academic course outline, particularly the bibliography of suggested and further reading, provide an introduction to medieval African kingdoms.<\/p>\n<p><a href=\"https:\/\/guides.library.harvard.edu\/interlibros\">Inter Libros<\/a>, Harvard University<\/p>\n<p>Inter Libros contains research guides for projects in classics, Byzantine studies, and medieval studies.<\/p>\n<p>https:\/\/www.bu.edu\/medieval\/wp-admin\/post.php?post=826&#038;action=edit<\/p>\n<p><a href=\"https:\/\/www.bu.edu\/africa\/outreach\/teachingresources\/history\/ancient-to-medieval-history\/kingdoms\/\">Kingdoms of Ancient and Medieval West Africa &amp; Trade Across the Sahara<\/a>, Boston University<\/p>\n<p>Boston University&#8217;s Pardee School of Global Studies has compiled teaching resources about ancient and medieval Africa.<\/p>\n<p><a href=\"https:\/\/www.oxfordbibliographies.com\/display\/document\/obo-9780199846733\/obo-9780199846733-0172.xml\">Oxford Bibliographies, Medieval Europe &amp; Africa<\/a>, University of Oxford<\/p>\n<p>This bibliography outlines interactions between medieval Europe and medieval Africa.<\/p>\n<p><a href=\"https:\/\/guides.library.harvard.edu\/c.php?g=310245&amp;p=2071381\">Resources for Medieval Art &amp; Architecture<\/a>, Harvard University<\/p>\n<p>Resources for Medieval Art &amp; Architecture is the art and architecture studies equivalent of Inter Libros, listed above.<\/p>\n<p><a href=\"https:\/\/the-orb.arlima.net\/wemsk\/wemskmenu.html\">The ORB<\/a>: On-line Reference Book for Medieval Studies, What Every Medievalist Should Know, edited by Kathryn Talarico<\/p>\n<p>The ORB contains reference lists intended for use by undergraduate and beginning graduate students to orient themselves within the scholarly field of medieval studies.<\/p>\n<p>&nbsp;<\/p>\n<p><strong>Scholarly Associations and Publications<\/strong><\/p>\n<p><a href=\"https:\/\/www.tandfonline.com\/journals\/yemc20\">Early Medieval China<\/a><\/p>\n<p><em>Early Medieval China <\/em>is an interdisciplinary journal &#8220;exploring Chinese history, literature, society, religion, and culture in China&#8217;s early medieval age&#8221;.<\/p>\n<p><a href=\"https:\/\/ignca.gov.in\/online-digital-resources\/\">Indira Gandhi National Centre for the Arts, Ministry of Culture<\/a>, Government of India<\/p>\n<p>The Indira Gandhi National Centre for the Arts&#8217; digital library hosts multiple resources, including digitized manuscripts, online books, exhibitions, archaeological sites, and resources for the arts.<\/p>\n<p><a href=\"https:\/\/southeasternmedieval.wordpress.com\/\">Southeastern Medieval Association<\/a><\/p>\n<p>The Southeastern Medieval Association is an association of scholars of the art, history, literature, and philosophy of the Middle Ages that hosts an annual forum and publishes a journal.<\/p>\n<p><a href=\"https:\/\/wiredspace-extra.wits.ac.za\/communities\/8b7b29ff-295c-4174-a796-b05869f42bbc\">The Southern African Society for Medieval &amp; Renaissance Studies<\/a>, University of the Witwatersrand, Johannesburg<\/p>\n<p>The Southern African Society for Medieval &amp; Renaissance Studies publishes a journal available online.<\/p>\n<p>&nbsp;<\/p>\n","protected":false},"excerpt":{"rendered":"<p>Resources by Type: Artwork and Art History Resources Art and Architecture of the Islamic World: Manuscripts &amp; Painting, Massachusetts Institute of Technology Libraries MIT Libraries&#8217; digitized collections include Mughal, Ottoman, and Safavid resources, compiled from various university and institutional websites globally. Indira Gandhi National Centre for the Arts, Ministry of Culture, Government of India The [&hellip;]<\/p>\n","protected":false},"author":22611,"featured_media":0,"parent":821,"menu_order":3,"comment_status":"closed","ping_status":"closed","template":"","meta":[],"_links":{"self":[{"href":"https:\/\/www.bu.edu\/medieval\/wp-json\/wp\/v2\/pages\/829"}],"collection":[{"href":"https:\/\/www.bu.edu\/medieval\/wp-json\/wp\/v2\/pages"}],"about":[{"href":"https:\/\/www.bu.edu\/medieval\/wp-json\/wp\/v2\/types\/page"}],"author":[{"embeddable":true,"href":"https:\/\/www.bu.edu\/medieval\/wp-json\/wp\/v2\/users\/22611"}],"replies":[{"embeddable":true,"href":"https:\/\/www.bu.edu\/medieval\/wp-json\/wp\/v2\/comments?post=829"}],"version-history":[{"count":20,"href":"https:\/\/www.bu.edu\/medieval\/wp-json\/wp\/v2\/pages\/829\/revisions"}],"predecessor-version":[{"id":1186,"href":"https:\/\/www.bu.edu\/medieval\/wp-json\/wp\/v2\/pages\/829\/revisions\/1186"}],"up":[{"embeddable":true,"href":"https:\/\/www.bu.edu\/medieval\/wp-json\/wp\/v2\/pages\/821"}],"wp:attachment":[{"href":"https:\/\/www.bu.edu\/medieval\/wp-json\/wp\/v2\/media?parent=829"}],"curies":[{"name":"wp","href":"https:\/\/api.w.org\/{rel}","templated":true}]}}