{"id":42383,"date":"2025-08-21T23:14:03","date_gmt":"2025-08-22T03:14:03","guid":{"rendered":"https:\/\/www.bu.edu\/cise\/?page_id=42383"},"modified":"2025-09-12T15:18:09","modified_gmt":"2025-09-12T19:18:09","slug":"2025-industry-roundtable-panel","status":"publish","type":"page","link":"https:\/\/www.bu.edu\/cise\/2025-industry-roundtable-panel\/","title":{"rendered":"2025 Alumni Industry Roundtable Panel"},"content":{"rendered":"<p><span>Date: Friday, October 3, 2025<\/span><br \/>\n<span>Time: 3:00pm \u2013 4:00pm<\/span><br \/>\n<span>Location: 665 Commonwealth Ave.,\u00a0<\/span><span>CDS 1101<\/span><\/p>\n<p><a href=\"https:\/\/www.bu.edu\/cise\/industry-roundtable-registration\/\" target=\"_blank\" rel=\"noopener noreferrer\">Register to attend.<\/a><\/p>\n<p><span>This is an alumni industry roundtable event where we have invited alumni to come speak at a panel with our current students. We are hosting this event to foster meaningful connections between our students and successful alumni. They will be sharing<strong> insight into their current role<\/strong>, <strong>key milestones<\/strong> and <strong>challenges in their career<\/strong>, and <strong>valuable lessons<\/strong> learned and <strong>advice<\/strong> for students aspiring to enter their field.<\/span><\/p>\n<p>Panelists include:<\/p>\n<p><span data-olk-copy-source=\"MessageBody\"><strong><img loading=\"lazy\" src=\"\/cise\/files\/2025\/09\/headshot-503x636.jpg\" alt=\"\" width=\"233\" height=\"295\" class=\" wp-image-42642 alignleft\" srcset=\"https:\/\/www.bu.edu\/cise\/files\/2025\/09\/headshot-503x636.jpg 503w, https:\/\/www.bu.edu\/cise\/files\/2025\/09\/headshot-810x1024.jpg 810w, https:\/\/www.bu.edu\/cise\/files\/2025\/09\/headshot-768x970.jpg 768w, https:\/\/www.bu.edu\/cise\/files\/2025\/09\/headshot-1216x1536.jpg 1216w, https:\/\/www.bu.edu\/cise\/files\/2025\/09\/headshot-1621x2048.jpg 1621w\" sizes=\"(max-width: 233px) 100vw, 233px\" \/>Charles Saunders<\/strong> is a Senior Research Scientist at MathWorks in the Advanced Research &amp; Technology Office. His research focuses on computational imaging, computer vision, and inverse problems, with particular interest in 3D imaging systems and depth sensing.<\/span><span>\u00a0<\/span><\/p>\n<p><span>He received his Ph.D. in Electrical Engineering from Boston University in 2021 under Prof. Vivek K Goyal, where he worked on occluder-aided non-line-of-sight imaging. This work, featured on the cover of Nature, helped establish new directions in computational imaging. He later joined Meta Reality Labs, where he developed depth system simulators and algorithms for AR\/VR devices, before moving to MathWorks.<\/span><\/p>\n<p><span>At MathWorks, Dr. Saunders manages a research grant program that supports collaborations with leading universities with an aim to accelerate adoption of research results in MathWorks\u2019 products. Through this role, he regularly co-advises graduate students with faculty partners, helping connect academic research with industry priorities. He is co-chair and organizer of the MathWorks Research Summit, an annual event bringing together researchers and industry practitioners.<\/span><\/p>\n<hr \/>\n<p><img loading=\"lazy\" src=\"\/cise\/files\/2025\/09\/Screenshot-2025-09-12-at-3.11.50\u202fPM-636x636.png\" alt=\"\" width=\"246\" height=\"246\" class=\"wp-image-42643 alignleft\" srcset=\"https:\/\/www.bu.edu\/cise\/files\/2025\/09\/Screenshot-2025-09-12-at-3.11.50\u202fPM-636x636.png 636w, https:\/\/www.bu.edu\/cise\/files\/2025\/09\/Screenshot-2025-09-12-at-3.11.50\u202fPM-1024x1024.png 1024w, https:\/\/www.bu.edu\/cise\/files\/2025\/09\/Screenshot-2025-09-12-at-3.11.50\u202fPM-150x150.png 150w, https:\/\/www.bu.edu\/cise\/files\/2025\/09\/Screenshot-2025-09-12-at-3.11.50\u202fPM-768x767.png 768w, https:\/\/www.bu.edu\/cise\/files\/2025\/09\/Screenshot-2025-09-12-at-3.11.50\u202fPM-550x550.png 550w, https:\/\/www.bu.edu\/cise\/files\/2025\/09\/Screenshot-2025-09-12-at-3.11.50\u202fPM-710x710.png 710w, https:\/\/www.bu.edu\/cise\/files\/2025\/09\/Screenshot-2025-09-12-at-3.11.50\u202fPM-300x300.png 300w, https:\/\/www.bu.edu\/cise\/files\/2025\/09\/Screenshot-2025-09-12-at-3.11.50\u202fPM-600x600.png 600w, https:\/\/www.bu.edu\/cise\/files\/2025\/09\/Screenshot-2025-09-12-at-3.11.50\u202fPM-100x100.png 100w, https:\/\/www.bu.edu\/cise\/files\/2025\/09\/Screenshot-2025-09-12-at-3.11.50\u202fPM.png 1526w\" sizes=\"(max-width: 246px) 100vw, 246px\" \/><\/p>\n<div><strong>Qijun Liu<\/strong> is an ASIC Design Engineer at Philips, focusing on digital and mixed-signal circuits for biomedical applications. She received her B.Sc. in Electrical and Computer Systems Engineering from Rensselaer Polytechnic Institute in 2016 and her Ph.D. in Electrical Engineering from Boston University in 2024.<\/p>\n<p>Her research on ultra-low-power circuit design for healthcare has been presented at the IEEE Custom Integrated Circuits Conference (CICC) and the International Solid-State Circuits Conference (ISSCC), and published in IEEE Transactions on Biomedical Circuits and Systems (TBioCAS), IEEE Journal of Solid-State Circuits (JSSC), and Nature.<\/p>\n<p>Qijun\u2019s work has been recognized with the 2025 IEEE TBioCAS Best Paer Award, first place in the 2019 IMS\/RFIC Graduate Student Challenge, the 2023 ISSCC Predoctoral Achievement Award, the 2024 ISSCC Rising Star Award, and the Boston University 2024 Outstanding Electrical Engineering Dissertation Award.<\/p><\/div>\n<div>\n<hr \/>\n<\/div>\n<div><img loading=\"lazy\" src=\"\/cise\/files\/2025\/09\/IMG_1190-636x424.jpg\" alt=\"\" width=\"237\" height=\"158\" class=\"wp-image-42645 alignleft\" srcset=\"https:\/\/www.bu.edu\/cise\/files\/2025\/09\/IMG_1190-636x424.jpg 636w, https:\/\/www.bu.edu\/cise\/files\/2025\/09\/IMG_1190-1024x683.jpg 1024w, https:\/\/www.bu.edu\/cise\/files\/2025\/09\/IMG_1190-768x512.jpg 768w, https:\/\/www.bu.edu\/cise\/files\/2025\/09\/IMG_1190-1536x1024.jpg 1536w, https:\/\/www.bu.edu\/cise\/files\/2025\/09\/IMG_1190-2048x1365.jpg 2048w\" sizes=\"(max-width: 237px) 100vw, 237px\" \/><strong>Samuel\u00a0C.\u00a0Pinto<\/strong><span>\u00a0received the B.S. and M.S. degrees in electronic engineering from Instituto Tecnol\u00f3gico de Aeron\u00e1utica, S\u00e3o Paulo, Brazil, in 2017 and 2018, respectively, and a Ph.D. degree in Mechanical Engineering in 2021 from Boston University, Boston, MA, USA under the supervision of Sean Andersson. Since then, he works for the pre-development team at Magna Electronics designing automated driving systems for mass-market vehicles. His research interests include robotics, autonomous driving and the intersection between estimation and control.<\/span><\/div>\n<div>\n<hr \/>\n<p><img loading=\"lazy\" src=\"\/cise\/files\/2025\/09\/thumbnail_Serlin_Zachary_529766-001D-424x636.jpg\" alt=\"\" width=\"221\" height=\"332\" class=\"wp-image-42644 alignleft\" srcset=\"https:\/\/www.bu.edu\/cise\/files\/2025\/09\/thumbnail_Serlin_Zachary_529766-001D-424x636.jpg 424w, https:\/\/www.bu.edu\/cise\/files\/2025\/09\/thumbnail_Serlin_Zachary_529766-001D-683x1024.jpg 683w, https:\/\/www.bu.edu\/cise\/files\/2025\/09\/thumbnail_Serlin_Zachary_529766-001D-768x1152.jpg 768w, https:\/\/www.bu.edu\/cise\/files\/2025\/09\/thumbnail_Serlin_Zachary_529766-001D-1024x1536.jpg 1024w, https:\/\/www.bu.edu\/cise\/files\/2025\/09\/thumbnail_Serlin_Zachary_529766-001D-1365x2048.jpg 1365w, https:\/\/www.bu.edu\/cise\/files\/2025\/09\/thumbnail_Serlin_Zachary_529766-001D.jpg 1920w\" sizes=\"(max-width: 221px) 100vw, 221px\" \/><span><strong>Zack Serlin<\/strong> is currently the Chief Scientist at HavocAI. In this role, he is leading a team shaping the future of collaborative autonomy at scale in the maritime domain. He was previously a technical staff research scientist at MIT Lincoln Laboratory where he led a team of scientists focused on multi-agent autonomy and AI for national security applications. He has worked extensively on autonomy programs funded through DARPA, the Army, MDA and OUSDR&amp;E. His work has focused on command and control of large heterogenous, multi-agent autonomous systems from high level specification languages, verifiable reinforcement learning based strategy generation, safe control of high-dimensional systems, and foundation models for embodied semantic understanding. <\/span><span>Zack&#8217;s work has been a finalist at the 2022 R&amp;D 100 awards and has over 25 peer-reviewed publications. He holds a BS and MS from<\/span><span> <\/span><a data-auth=\"NotApplicable\" rel=\"noopener noreferrer\" target=\"_blank\" href=\"https:\/\/www.linkedin.com\/company\/tufts-university\/\" data-linkindex=\"0\" title=\"https:\/\/www.linkedin.com\/company\/tufts-university\/\" tabindex=\"0\"><span>Tufts University<\/span><\/a><span> <\/span><span>and a PhD from<\/span><span> <\/span><a data-auth=\"NotApplicable\" rel=\"noopener noreferrer\" target=\"_blank\" href=\"https:\/\/www.linkedin.com\/company\/boston-university\/\" data-linkindex=\"1\" title=\"https:\/\/www.linkedin.com\/company\/boston-university\/\" tabindex=\"0\"><span>Boston University<\/span><\/a><span>, all in Mechanical Engineering.<\/span><span><\/span><\/div>\n","protected":false},"excerpt":{"rendered":"<p>Date: Friday, October 3, 2025 Time: 3:00pm \u2013 4:00pm Location: 665 Commonwealth Ave.,\u00a0CDS 1101 Register to attend. This is an alumni industry roundtable event where we have invited alumni to come speak at a panel with our current students. We are hosting this event to foster meaningful connections between our students and successful alumni. They [&hellip;]<\/p>\n","protected":false},"author":18553,"featured_media":0,"parent":0,"menu_order":0,"comment_status":"closed","ping_status":"closed","template":"page-templates\/no-sidebars.php","meta":[],"_links":{"self":[{"href":"https:\/\/www.bu.edu\/cise\/wp-json\/wp\/v2\/pages\/42383"}],"collection":[{"href":"https:\/\/www.bu.edu\/cise\/wp-json\/wp\/v2\/pages"}],"about":[{"href":"https:\/\/www.bu.edu\/cise\/wp-json\/wp\/v2\/types\/page"}],"author":[{"embeddable":true,"href":"https:\/\/www.bu.edu\/cise\/wp-json\/wp\/v2\/users\/18553"}],"replies":[{"embeddable":true,"href":"https:\/\/www.bu.edu\/cise\/wp-json\/wp\/v2\/comments?post=42383"}],"version-history":[{"count":7,"href":"https:\/\/www.bu.edu\/cise\/wp-json\/wp\/v2\/pages\/42383\/revisions"}],"predecessor-version":[{"id":42827,"href":"https:\/\/www.bu.edu\/cise\/wp-json\/wp\/v2\/pages\/42383\/revisions\/42827"}],"wp:attachment":[{"href":"https:\/\/www.bu.edu\/cise\/wp-json\/wp\/v2\/media?parent=42383"}],"curies":[{"name":"wp","href":"https:\/\/api.w.org\/{rel}","templated":true}]}}