{"id":103,"date":"2013-05-15T15:11:00","date_gmt":"2013-05-15T19:11:00","guid":{"rendered":"https:\/\/www.bu.edu\/cdl\/?page_id=103"},"modified":"2025-10-21T09:49:13","modified_gmt":"2025-10-21T13:49:13","slug":"publications","status":"publish","type":"page","link":"https:\/\/www.bu.edu\/cdl\/ccl\/publications\/","title":{"rendered":"Publications"},"content":{"rendered":"<h3>Publications<\/h3>\n<h4>Books<\/h4>\n<p>Kelemen, D. and The Child Cognition Lab (2018).\u00a0<i>How the\u00a0Dormacks Evolved Longer Backs<\/i>. Tumblehome Learning: Boston. <a href=\"https:\/\/www.amazon.com\/Dormacks-Evolved-Longer-Backs-Evolving\/dp\/1943431272\/ref=sr_1_1?s=books&amp;ie=UTF8&amp;qid=1526416465&amp;sr=1-1\">Purchase here.<\/a><\/p>\n<p><span>Kelemen, D. and The Child Cognition Lab (2017).\u00a0<\/span><i>How the Piloses Evolved Skinny Noses<\/i><span>. Tumblehome Learning: Boston.\u00a0<\/span><a href=\"https:\/\/www.amazon.com\/Pilosas-Evolved-Skinny-Noses-Evolving\/dp\/1943431264\">Purchase here.<\/a><\/p>\n<h4>Papers &amp; Chapters<\/h4>\n<p><span>Combette, L., &amp; Kelemen, D. (2025). Paying attention to mindset measures: A necessary <\/span><span>step to move beyond mindset controversies.\u00a0<\/span><i data-stringify-type=\"italic\">Current Psychology<\/i><span>.\u00a0<a href=\"\/cdl\/files\/2025\/10\/Paying-Attention-to-Mindset-Measures.pdf\">PDF<\/a><\/span><\/p>\n<p><span>Combette, L. T., Emmons, N. A., Elster, E., &amp; Kelemen, D. (2025). Cats, bats, and people: Cultivating children\u2019s understanding of genes and trait inheritance. <\/span><em data-start=\"242\" data-end=\"281\">Journal of Cognition and Development.<\/em><span> Advance online publication.\u00a0<a href=\"\/cdl\/files\/2025\/09\/Cats-Bats-and-People-Cultivating-Children-s-Understanding-of-Genes-and-Trait-Inheritance.pdf\">PDF<\/a><\/span><\/p>\n<p><span>Pizza, L., &amp; Kelemen, D. (2025). The Earth is alive: Attributing agency to the Earth causes moral concern for the environment and biocentric attitudes. <\/span><em data-start=\"235\" data-end=\"258\">Cognitive Science, 49<\/em><span>(3), e70052.\u00a0<a href=\"\/cdl\/files\/2025\/09\/Cognitive-Science-2025-Pizza-The-Earth-is-Alive-Attributing-Agency-to-the-Earth-Causes-Moral-Concern-for-the.pdf\">PDF<\/a><\/span><\/p>\n<p><span>Puttick, G., Lacy, S., Crissman, S., &amp; Kelemen, D. (2025). Investigating biological evolution: Building a model of natural selection in third grade. <\/span><em data-start=\"232\" data-end=\"258\">Science and Children, 62<\/em><span>(1), 44\u201350. <a href=\"\/cdl\/files\/2025\/09\/Investigating-Biological-Evolution.pdf\">PDF<\/a><\/span><\/p>\n<p><span>Bodas, A., Chlebuch, N., &amp; Weisberg, D. S. (2025). Water woes: The effects of children\u2019s science media on conservation knowledge, self-efficacy, and environmental worry in the United States of America. <\/span><em data-start=\"285\" data-end=\"317\">Journal of Children and Media. <\/em><span>Advance online publication.\u00a0<a href=\"\/cdl\/files\/2025\/09\/Bodasetal_2025.pdf\">PDF<\/a><\/span><\/p>\n<p><span>Elgamal, K., Muentener, P., &amp; Lakusta, L. (2025). Development of mechanical spatial language of support: Insight from 3- to 6-year-old children\u2019s explanations. <\/span><em data-start=\"254\" data-end=\"282\">Cognitive Development, 74,<\/em><span> 101581. <a href=\"\/cdl\/files\/2025\/09\/1-s2.0-S0885201425000401-main.pdf\">PDF<\/a><\/span><\/p>\n<p><span>Combette, L. T., &amp; Kelemen, D. (2025). Is biology destiny? The coherence of children\u2019s beliefs about physical and psychological traits. <\/span><em data-start=\"219\" data-end=\"267\">Journal of Experimental Child Psychology, 249,<\/em><span> 106108. <\/span><a href=\"\/cdl\/files\/2025\/09\/1-s2.0-S0022096524002480-main.pdf\">PDF<\/a><\/p>\n<p><span>Ronfard, S., Brown, S. A., Pitt, E., &amp; Kelemen, D. (2023). Is book reading always best? Children learn and transfer complex scientific explanations from books or animations. <\/span><em data-start=\"257\" data-end=\"297\">Evolution: Education and Outreach, 16,<\/em><span> 8. <a href=\"\/cdl\/files\/2025\/09\/s12052-023-00189-3.pdf\">PDF<\/a><\/span><\/p>\n<p>Lewry, C.<span>, Kelemen, D., &amp; Lombrozo, T. (2023). <\/span>The moral consequences of teleological beliefs about the human species.<span>\u00a0<\/span><em>Journal of Experimental Psychology: General.\u00a0<\/em><a href=\"https:\/\/cognition.princeton.edu\/sites\/g\/files\/toruqf3386\/files\/documents\/2023-92110-001.pdf\">PDF<\/a><\/p>\n<p>Pizza, L., Ronfard, S., Coley, J., Kelemen, D. (2023). Why we should care about moral foundations when preparing for the next pandemic: Insights from Canada, the UK, and the US.\u00a0<em>PLOS One<\/em>. <a href=\"https:\/\/journals.plos.org\/plosone\/article?id=10.1371\/journal.pone.0285549\">PDF<\/a><\/p>\n<p>Pizza, L. &amp; Kelemen, D. (2023). Are Humans Part of the Natural World? U.S. Children&#8217;s and Adults&#8217; Concept of Nature and Its Relationship to Environmental Concern. <em>Topics in Cognitive Science<\/em>. <a href=\"\/cdl\/files\/2024\/04\/Pizza-Kelemen-2023_Are-humans-part-of-the-natural-world_US-children-and-adults.pdf\">PDF<\/a><\/p>\n<p>Kelemen, D., Brown, S. A., &amp; Pizza, L. (2023). Don&#8217;t bug me!: The role of names, functions, and feelings in shaping children&#8217;s and adult&#8217;s conservation attitudes about unappealing species.\u00a0<em>Journal of Environmental Psychology.\u00a0<\/em><a href=\"\/cdl\/files\/2023\/04\/1-s2.0-S0272494423000385-main.pdf\">PDF<\/a><\/p>\n<p><span>Kelemen, D., Emmons, N., Brown, S. A., &amp; Gallik, C. (2021). Beliefs about Origins and Eternal Life: How Easy Is Formal Religious Theory Development?.\u00a0<\/span><i>Journal of Cognition and Development<\/i><span>, 1-23. <a href=\"\/cdl\/files\/2021\/06\/Corrected-LDS-Beliefs-about-Origins-and-Eternal-Life-How-Easy-Is-Formal-Religious-Theory-Development.pdf\">PDF<\/a><\/span><\/p>\n<p>Ronfard, S., Brown, S., Doncaster, E., Kelemen, D. (2021) Inhibiting intuition: Scaffolding children\u2019s theory construction about species evolution in the face of competing explanations.\u00a0<em>Cognition<\/em>,\u00a0<em>211,\u00a0<\/em>104635. <a href=\"\/cdl\/files\/2021\/03\/Speciation_Ronfard-Brown-Doncaster-Kelemen_Cognitionfinalonline.pdf\">PDF<\/a><\/p>\n<p><span>Rottman, J., Zizik, V., Minard, K., Young, L., Blake, P. R., &amp; Kelemen, D. (2020). The moral, or the story? Changing children&#8217;s distributive justice preferences through social communication.\u00a0<\/span><i>Cognition<\/i><span>,\u00a0<\/span><i>205<\/i><span>, 104441. <a href=\"\/cdl\/files\/2020\/10\/Rottman-et-al-2020.pdf\">PDF<\/a><\/span><\/p>\n<p><span>Pizza, L., &amp; Posada, R. (2020). \u201cYou Have the River to Throw It Away\u201d: Colombian Children&#8217;s Reasoning About Transgressions to Nature in Contexts of Economic Performance and Communitarian Needs.\u00a0<\/span><i>Ecopsychology<\/i><span>. <a href=\"\/cdl\/files\/2020\/10\/PizzaPosada2020_You-Have-the-river-to-throw-it-away_Colombian-childrens-reasoning-about-transgressions-to-nature.pdf\">PDF<\/a><\/span><\/p>\n<p><span>Brown, S. A., Ronfard, S., &amp; Kelemen, D. (2020). Teaching natural selection in early elementary classrooms: Can a storybook intervention reduce teleological misunderstandings?. <\/span><i>Evolution: Education and Outreach<\/i><span>,\u00a0<\/span><i>13<\/i><span>, 1-19. <a href=\"\/cdl\/files\/2020\/09\/Attleborough-Study.pdf\">PDF<\/a><\/span><\/p>\n<p>Kelemen, D. (2019). The Magic of Mechanism: Explanation-based instruction on counterintuitive concepts in early childhood.<i>\u00a0Perspectives on Psychological Science, <\/i>1-13, doi.org\/10.1177\/1745691619827011. <a href=\"\/cdl\/files\/2019\/05\/MagicOfMechanism.pdf\">PDF<\/a><\/p>\n<p>Ronfard, S., Zambrana, I. M., Hermansen, T.K., &amp; Kelemen, D. (2018). Question-asking in childhood: A review of the literature and a framework for understanding its development. <em>Developmental Review<\/em>. Advance online publication. doi: 10.1016\/j.dr.2018.05.002.\u00a0<a href=\"\/cdl\/files\/2013\/05\/QuestionAskinginChildhood.pdf\">PDF<\/a><\/p>\n<p>J\u00e4rnefelt, E., Zhu, L., Canfield, C.F., Chen, M., &amp; Kelemen, D. (2018). Reasoning about nature&#8217;s agency and design in the cultural context of China.\u00a0<em>Religion, Brain &amp; Behavior.\u00a0<\/em>doi: 10.1080\/2153599X.2018.1449137.\u00a0<a href=\"\/cdl\/files\/2013\/05\/Reasoning-about-nature-s-agency-and-design-in-the-cultural-context-of-China.pdf\">PDF<\/a><\/p>\n<p><span>Emmons, N., Lees, K., &amp; Kelemen, D. (2017).\u00a0<\/span><span>Young children\u2019s near and far transfer of the basic theory of natural selection:\u00a0<\/span><span>An analogical storybook intervention. <em>Journal of Research in Science Teaching<\/em>.\u00a0<a href=\"\/cdl\/files\/2017\/10\/Emmons_et_al-2017-Journal_of_Research_in_Science_Teaching.pdf\">PDF<\/a><\/span><\/p>\n<p><span>Schachner, A., Zhu, L., Li, J., &amp; Kelemen, D. (2017). Is the bias for function-based explanations culturally universal? Children from China endorse teleological explanations of natural phenomena. <em>Journal of Experimental Child Psychology<\/em><\/span><span>.\u00a0<a href=\"\/cdl\/files\/2017\/01\/Schachner-2017-China-Teleo.pdf\">PDF<\/a><\/span><\/p>\n<p>Rottman, J., Zhu, L., Wang, W., Seston Schillaci, R., Clark, K. J., &amp; Kelemen, D. (2017). Cultural influences on the teleological stance. Evidence from China. <em>Religion, Brain &amp; Behavior, <\/em>1-10.\u00a0doi: 10.1080\/2153599X.2015.1118402. (N.B.: Accepted November 2015. Published online, February 2016)\u00a0<a href=\"\/cdl\/files\/2017\/01\/Rottman_et_al_TeleologyinChina_RBB_2017-1.pdf\">PDF<\/a><\/p>\n<p>Rottman, J., Young, L., &amp; Kelemen, D. (2016). The impact of testimony on children&#8217;s moralization of novel actions.\u00a0<em>Emotion,<\/em> 17(5), 811-827. <a href=\"\/cdl\/files\/2017\/08\/Rottman_et_al_2017_MoralizationInChildhood_Emotion.pdf\">PDF<\/a><\/p>\n<p>Emmons, N. A., Smith, H., &amp; Kelemen, D. A. (2016).\u00a0Changing minds with the story of adaptation: Strategies for teaching young children about adaptation. <em>Early Education and Development, 27<\/em>(8), 1205-1221.\u00a0doi:<span>10.1080\/10409289.2016.1169823<\/span>\u00a0<a href=\"\/cdl\/files\/2016\/05\/Changing-Minds-With-the-Story-of-Adaptation-Strategies-for-Teaching-Young-Children-About-Natural-Selection.pdf\">PDF<\/a><\/p>\n<p><span>Emmons, N. A., &amp; Kelemen, D. (2015). Young children&#8217;s acceptance of within-species variation: Implications for essentialism and teaching evolution. <\/span><i>Journal of Experimental Child Psychology, 139, <\/i>148 &#8211; 160<i>. \u00a0<\/i>doi: 10.1016\/j.jecp.2015.05.011.\u00a0<a href=\"\/cdl\/files\/2015\/10\/EmmonsKelemen_Variation_and_EvolutionEducation.pdf\">PDF<\/a><\/p>\n<p><span>Emmons, N. A., &amp; Kelemen, D. (2015). I&#8217;ve got a feeling: Urban and rural indigenous children&#8217;s beliefs about early life mentality.\u00a0<\/span><i>Journal of Experimental Child Psychology,\u00a0<span>138, <\/span><\/i>106-25. doi: 10.1016\/j.jecp.2015.05.001<i><span>. \u00a0<\/span><\/i><a href=\"\/cdl\/files\/2015\/10\/Fetus.pdf\">PDF<\/a><\/p>\n<p>Jarnefelt, E., Ford Canfield, C. &amp; Kelemen, D. (2015). The divided mind of a disbeliever: Intuitive beliefs about nature as purposefully created among different groups of non-religious adults. <em>Cognition,\u00a0140, <\/em>72\u201388<em>. <\/em>doi:10.1016\/j.cognition.2015.02.005.\u00a0<a href=\"\/cdl\/files\/2015\/04\/Creator-online-publication1.pdf\">PDF<\/a><\/p>\n<p>Rottman, J., Kelemen, D., &amp; Young, L. (2015). Hindering harm and preserving purity: How can moral psychology save the planet? <em>Philosophy Compass, 10<\/em>, 134-144. doi:10.1111\/phc3.12195.\u00a0<a href=\"\/cdl\/files\/2013\/05\/RottmanKelemenYoung2015.pdf\">PDF<\/a><\/p>\n<p>Kelemen, D., Emmons, N., Seston, R. &amp; Ganea, P. (2014). Young children can be taught basic natural selection using a picture storybook intervention.\u00a0<em>Psychological Science,\u00a0<span>25<\/span><span>, <\/span><\/em>893-902<em><span>.\u00a0<\/span><\/em>doi:10.1177\/0956797613516009. \u00a0<a href=\"\/cdl\/files\/2015\/10\/Kelemen_et_al_Natural_Selectionplussupp.pdf\">PDF<\/a><\/p>\n<p>Seston Schillaci, R. &amp; Kelemen, D. (2014) Children\u2019s conformity when acquiring novel conventions: The case of artifacts.\u00a0<i>Journal of Cognition and Development<\/i>, <em>15<\/em>,\u00a0569-583. doi: 10.1080\/15248372.2013.784973.\u00a0<a href=\"\/cdl\/files\/2013\/05\/15248372.2013.pdf\">PDF<\/a><\/p>\n<p>Emmons, N. &amp; Kelemen, D. (2014). The development of children\u2019s pre-life reasoning: Evidence from two cultures. <em>Child Development<\/em>, <em>85<\/em>, 1617-1633. doi:\u00a010.1111\/cdev.12220.<em>\u00a0<\/em><a href=\"https:\/\/www.bu.edu\/cdl\/files\/2014\/01\/EmmonsKelemen_prelife_withsuppmat.pdf\" title=\"EmmonsKelemen_2014\" target=\"_blank\" rel=\"noopener noreferrer\">PDF<\/a><\/p>\n<p>Rottman, J., Kelemen, D., &amp; Young, L. (2014). Purity matters more than harm in moral judgments of suicide: Response to Gray.\u00a0<i>Cognition<\/i>.\u00a0<em>133<\/em>, 332\u2013334.\u00a0doi:10.1016\/j.cognition.2014.<wbr \/>06.008. <a href=\"https:\/\/www.bu.edu\/cdl\/files\/2014\/07\/RottmanKelemenYoungResponse.pdf\">PDF<\/a><\/p>\n<p>Rottman, J., Kelemen, D., &amp; Young, L. (2014). \u00a0Tainting the soul: Purity concerns predict moral judgments of suicide. <i>Cognition, 130,\u00a0<\/i>217-226.\u00a0doi:10.1016\/j.cognition. 2013.11.007. \u00a0<a href=\"https:\/\/www.bu.edu\/cdl\/files\/2013\/12\/Rottman-et-al_2014_Suicide_withSupp.pdf\">PDF<\/a><\/p>\n<p><a href=\"mailto:childlab@bu.edu\"><\/a>Rottman, J.<wbr \/> &amp; Kelemen, D.<wbr \/> (2014).<wbr \/> The morality of martyrdom and the stigma of suicide.<wbr \/> <em>Behavioral<\/em><wbr \/><em> and Brain Sciences<\/em>, <em>37<\/em>,\u00a0375-6. doi: 10.1017\/S0140525X13003476.\u00a0<a href=\"\/cdl\/files\/2013\/05\/Rottman-Kelemen_Response-to-Lankford.pdf\">PDF.<\/a><\/p>\n<p>Kelemen, D., Rottman, J. &amp; Seston, R. (2013). Professional physical scientists display tenacious teleological tendencies. Purpose-based reasoning as a cognitive default.<em> Journal of Experimental Psychology: General, 142<\/em>(4)<em>,<\/em>\u00a01074-1083. <a href=\"https:\/\/www.bu.edu\/cdl\/files\/2013\/12\/KelemenRottmanSeston_JEPG_Professional-Scientists_2012-2.pdf\">PDF<\/a><\/p>\n<p>Kelemen, D. (2012). Teleological minds: How natural intuitions about agency and purpose\u00a0 influence learning about evolution. In K. S. Rosengren, S. K. Brem, E. M. Evans &amp; G. M. Sinatra (Eds.),\u00a0<em>Evolution challenges: Integrating research and practice in teaching and learning about evolution. <\/em>Oxford: Oxford University Press.\u00a0<a href=\"\/cdl\/files\/2013\/08\/2012_Kelemen.pdf\">PDF<\/a><\/p>\n<p>Rottman, J. &amp; Kelemen, D. (2012). Aliens behaving badly: Children&#8217;s acquisition of novel purity-based morals.\u00a0<em>Cognition, 124,<\/em> 356\u2013360.\u00a0<a href=\"\/cdl\/files\/2013\/08\/2012_RottmanKelemen_Morals.pdf\">PDF<\/a><\/p>\n<p>Rottman, J. &amp; Kelemen, D. (2012). Is there such a thing as a Christian child? Evidence of religious beliefs in early childhood. In P. McNamara and W. Wildman (Eds.),<em> Science and the world\u2019s religions: Persons and Groups.<\/em> Santa Barbara, CA: Praeger Press.\u00a0<a href=\"\/cdl\/files\/2013\/08\/2012_RottmanKelemen_ReligionChildhood.pdf\">PDF<\/a><\/p>\n<p>Kelemen, D., Seston, R. &amp; St. Georges, L. (2012). The designing mind: Children\u2019s reasoning about intended function and artifact structure.\u00a0<em>Journal of Cognition and Development, 4,<\/em> 439\u2013453 (NB: Accepted May, 2011. Published online, December 2011). <a href=\"\/cdl\/files\/2013\/08\/2012_KelemenSestonStGeorges.pdf\">PDF<\/a><\/p>\n<p>Phillips, B., Seston, R. &amp; Kelemen, D. (2012). Learning about tool categories via eavesdropping. <em>Child Development, 83, <\/em>2057\u20132072. <a href=\"\/cdl\/files\/2013\/08\/2012_PhillipsSestonKelemen.pdf\">PDF<\/a><\/p>\n<p>Donovan, E. &amp; Kelemen, D. (2011). Just rewards: Children and adults equate accidental inequity with intentional unfairness.\u00a0<em>Journal of Cognition and Culture, 11,<\/em> 137\u2013150.\u00a0<a href=\"\/cdl\/files\/2013\/08\/2011_DonovanKelemen.pdf\">PDF<\/a><\/p>\n<p>Dennis, T. A. &amp; Kelemen, D. (2009). Children\u2019s views on emotion regulation: Functional links and implications for socio-emotional adjustment.\u00a0<em>International Journal of Behavioral Development, 33, <\/em>243\u2013252.\u00a0<a href=\"\/cdl\/files\/2013\/08\/2009_DennisKelemen.pdf\">PDF<\/a><\/p>\n<p>Kelemen, D. &amp; Rosset, E. (2009). The Human Function Compunction: Teleological explanation in adults.\u00a0<em>Cognition, 111<\/em>, 138\u2013143.\u00a0<a href=\"\/cdl\/files\/2013\/08\/2009_KelemenRosset.pdf\">PDF<\/a><\/p>\n<p>Casler, K. &amp; Kelemen, D. (2008). Developmental continuity in the teleo-functional bias: Reasoning about nature among Romanian Roma adults (Gypsies).\u00a0<em>Journal of Cognition and Development, 9, <\/em>340\u2013362.\u00a0<a href=\"\/cdl\/files\/2013\/08\/2008_CaslerKelemen.pdf\">PDF<\/a><\/p>\n<p>DiYanni, C. &amp; Kelemen, D. (2008). Using a bad tool with good intention: Young children\u2019s imitation of adults\u2019 questionable choices.\u00a0<em>Journal of Experimental Child Psychology: Special Issue on Imitation, 101,<\/em> 241\u2013261.\u00a0<a href=\"\/cdl\/files\/2013\/08\/2008_DiYanniKelemen.pdf\">PDF<\/a><\/p>\n<p>Casler, K. &amp; Kelemen, D. (2007). Reasoning about artifacts at 24 months: The developing teleo-functional stance.\u00a0<em>Cognition, 103, <\/em>120\u2013130.\u00a0<a href=\"\/cdl\/files\/2013\/08\/2007_CaslerKelemen.pdf\">PDF<\/a><\/p>\n<p>Kelemen, D. &amp; Carey, S. (2007). The essence of artifacts: Developing the design stance. In S. Laurence &amp; E. Margolis (Eds.), <em>Creations of the Mind: Theories of artifacts and their representation.<\/em> Oxford: Oxford University Press.\u00a0<a href=\"\/cdl\/files\/2013\/08\/2007_KelemenCarey.pdf\">PDF<\/a><\/p>\n<p>Kelemen, D. &amp; Carey, S. (2007). Az artefaktumok (eszk\u00f6z\u00f6k) esszenci\u00e1ja. A tervezeti hozz\u00e1\u00e1ll\u00e1s kialakul\u00e1sa.\u00a0<em>Magyar Pszichol\u00f3giai Szemle, 62,<\/em> 131\u2013159.<\/p>\n<p>Lombrozo, T., Kelemen, D. &amp; Zaitchik, D. (2007). Inferring design: Evidence of a preference for teleological explanations in patients with Alzheimer\u2019s disease.<em> Psychological Science, 18,<\/em> 999\u20131006.\u00a0<a href=\"\/cdl\/files\/2013\/08\/2007_LombrozoKelemenZaitchik.pdf\">PDF<\/a><\/p>\n<p>Casler, K. &amp; Kelemen, D. (2005). Young children\u2019s rapid learning about artifacts.<em> Developmental Science, 8,<\/em> 472\u2013480.\u00a0<a href=\"\/cdl\/files\/2013\/08\/2005_CaslerKelemen.pdf\">PDF<\/a><\/p>\n<p>DiYanni, C. &amp; Kelemen, D. (2005). Time to get a new mountain? The role of function in children\u2019s conceptions of natural kinds.\u00a0<em>Cognition, 97, <\/em>325\u2013335.\u00a0<a href=\"\/cdl\/files\/2013\/08\/2005_DiYanniKelemen.pdf\">PDF<\/a><\/p>\n<p>Kelemen, D., Callanan, M., Casler, K. &amp; P\u00e9rez-Granados, D. R. (2005). Why things happen: Teleological explanation in parent-child conversations.\u00a0<em>Developmental Psychology, 41,<\/em> 251\u2013264.<a href=\"\/cdl\/files\/2013\/08\/2005_KelemenCallananCaslerPerez-Granados.pdf\">PDF<\/a><\/p>\n<p>Kelemen, D. &amp; DiYanni, C. (2005). Intuitions about origins: Purpose and intelligent design in children&#8217;s reasoning about nature.\u00a0<em>Journal of Cognition and Development, 6,<\/em> 3\u201331.\u00a0<a href=\"\/cdl\/files\/2013\/08\/2005_KelemenDiYanni.pdf\">PDF<\/a><\/p>\n<p>Kelemen, D. (2004). Counterintuition, existential anxiety, and religion as a by-product of the designing mind.\u00a0<em>Behavioral and Brain Sciences, 27, <\/em>739\u2013740.\u00a0<a href=\"\/cdl\/files\/2013\/08\/2004_Kelemen_AtranCommentary1.pdf\">PDF<\/a><\/p>\n<p>Kelemen, D. (2004). Are children &#8220;intuitive theists&#8221;?: Reasoning about purpose and design in nature. <em>Psychological Science<\/em>, <em>15<\/em>, 295\u2013301. Reprinted in Wilkins, J. S. (Ed.), <em>Intelligent design and religion as a natural phenomenon<\/em> (2010). Ashgate Press.\u00a0<a href=\"\/cdl\/files\/2013\/08\/2004_Kelemen_IntuitiveTheist.pdf\">PDF<\/a><\/p>\n<p>Kelemen, D. (2003). British and American children\u2019s preferences for teleological-functional explanations of the natural world.\u00a0<em>Cognition, 8, <\/em>201\u2013221.\u00a0<a href=\"\/cdl\/files\/2013\/08\/2003_Kelemen.pdf\">PDF<\/a><\/p>\n<p>Kelemen, D., Widdowson, D., Posner, T., Brown, A. L. &amp; Casler, K. (2003). Teleo-functional constraints on preschool children\u2019s reasoning about living things.\u00a0<em>Developmental Science, 6, <\/em>329\u2013345.\u00a0<a href=\"\/cdl\/files\/2013\/08\/2003_KelemenEtal.pdf\">PDF<\/a><\/p>\n<p>Kelemen, D. (1999). Beliefs about purpose: On the origins of teleological thought. In M. Corballis and S. Lea (Eds.), <em>The Descent of Mind. <\/em>Oxford: Oxford University Press.<\/p>\n<p>Kelemen, D. (1999). Functions, goals and intentions: Children\u2019s teleological reasoning about objects.\u00a0<em>Trends in Cognitive Sciences, 12,<\/em> 461\u2013468.\u00a0<a href=\"\/cdl\/files\/2013\/08\/1999_Kelemen_FunctionsGoalsIntentions.pdf\">PDF<\/a><\/p>\n<p>Kelemen, D. (1999). The scope of teleological thinking in preschool children.<em> Cognition, 70,<\/em> 241\u2013272.\u00a0<a href=\"\/cdl\/files\/2013\/08\/1999_Kelemen_Scope.pdf\">PDF<\/a><\/p>\n<p>Kelemen, D. (1999). Why are rocks pointy?: Children\u2019s preference for teleological explanations of the natural world.\u00a0<em>Developmental Psychology, 35,<\/em> 1440\u20131453.\u00a0<a href=\"\/cdl\/files\/2013\/08\/1999_Kelemen_PointyRocks.pdf\">PDF<\/a><\/p>\n<p>Bloom, P. &amp; Kelemen, D. (1995). Syntactic cues in the acquisition of collective nouns.\u00a0<em>Cognition, 56, <\/em>1\u201330.\u00a0<a href=\"\/cdl\/files\/2013\/08\/1995_BloomKelemen.pdf\">PDF<\/a><\/p>\n<p>Bloom, P., Kelemen, D., Fountain, A. &amp; Courtney, E. (1995). The acquisition of collective nouns. In D. MacLaughlin and S. McEwen (Eds.),\u00a0<em>The Proceedings of the 19th Boston University Conference on Language Development. <\/em>Cascadilla Press.<\/p>\n<p>Bloom, P. &amp; Kelemen, D. (1995). Syntactic and conceptual factors in the acquisition of collective nouns. In E. Clark (Ed.),\u00a0<em>The Proceedings of the Twenty-Sixth Annual Child Language Research Forum. <\/em>Stanford: CSLI.<\/p>\n<p>Kelemen, D. &amp; Bloom, P. (1994). Domain-specific knowledge in simple categorization tasks.<em> Psychonomic Bulletin &amp; Review, 1, <\/em>390\u2013395.\u00a0<a href=\"\/cdl\/files\/2013\/08\/1994_KelemenBloom.pdf\">PDF<\/a><\/p>\n<p>Manstead, A. S. R., Parker, D., Stradling, S. G., Reason, J. T., Baxter, J. S. &amp; Kelemen, D. (1992). Perceived consensus in estimates of the prevalence of driving errors and violations.\u00a0<em>Journal of Applied Social Psychology, 22, <\/em>509\u2013530.<\/p>\n","protected":false},"excerpt":{"rendered":"<p>Publications Books Kelemen, D. and The Child Cognition Lab (2018).\u00a0How the\u00a0Dormacks Evolved Longer Backs. Tumblehome Learning: Boston. Purchase here. Kelemen, D. and The Child Cognition Lab (2017).\u00a0How the Piloses Evolved Skinny Noses. Tumblehome Learning: Boston.\u00a0Purchase here. Papers &amp; Chapters Combette, L., &amp; Kelemen, D. (2025). Paying attention to mindset measures: A necessary step to move [&hellip;]<\/p>\n","protected":false},"author":7301,"featured_media":0,"parent":51,"menu_order":7,"comment_status":"closed","ping_status":"closed","template":"","meta":[],"_links":{"self":[{"href":"https:\/\/www.bu.edu\/cdl\/wp-json\/wp\/v2\/pages\/103"}],"collection":[{"href":"https:\/\/www.bu.edu\/cdl\/wp-json\/wp\/v2\/pages"}],"about":[{"href":"https:\/\/www.bu.edu\/cdl\/wp-json\/wp\/v2\/types\/page"}],"author":[{"embeddable":true,"href":"https:\/\/www.bu.edu\/cdl\/wp-json\/wp\/v2\/users\/7301"}],"replies":[{"embeddable":true,"href":"https:\/\/www.bu.edu\/cdl\/wp-json\/wp\/v2\/comments?post=103"}],"version-history":[{"count":52,"href":"https:\/\/www.bu.edu\/cdl\/wp-json\/wp\/v2\/pages\/103\/revisions"}],"predecessor-version":[{"id":9633,"href":"https:\/\/www.bu.edu\/cdl\/wp-json\/wp\/v2\/pages\/103\/revisions\/9633"}],"up":[{"embeddable":true,"href":"https:\/\/www.bu.edu\/cdl\/wp-json\/wp\/v2\/pages\/51"}],"wp:attachment":[{"href":"https:\/\/www.bu.edu\/cdl\/wp-json\/wp\/v2\/media?parent=103"}],"curies":[{"name":"wp","href":"https:\/\/api.w.org\/{rel}","templated":true}]}}