{"id":6397,"date":"2016-09-16T14:31:45","date_gmt":"2016-09-16T18:31:45","guid":{"rendered":"https:\/\/www.bu.edu\/afam\/?page_id=6397"},"modified":"2016-11-28T13:54:17","modified_gmt":"2016-11-28T18:54:17","slug":"blacks-in-the-bible-workshop","status":"publish","type":"page","link":"https:\/\/www.bu.edu\/afam\/blacks-in-the-bible-workshop\/","title":{"rendered":"Blacks in the Bible Workshop"},"content":{"rendered":"<p><a href=\"\/afam\/files\/2016\/09\/BinB1.jpg\"><img loading=\"lazy\" src=\"\/afam\/files\/2016\/09\/BinB1.jpg\" alt=\"BinB\" width=\"618\" height=\"800\" class=\"alignleft  wp-image-6420\" srcset=\"https:\/\/www.bu.edu\/afam\/files\/2016\/09\/BinB1.jpg 5100w, https:\/\/www.bu.edu\/afam\/files\/2016\/09\/BinB1-491x636.jpg 491w, https:\/\/www.bu.edu\/afam\/files\/2016\/09\/BinB1-791x1024.jpg 791w\" sizes=\"(max-width: 618px) 100vw, 618px\" \/><\/a><br \/>\nBlacks in the Bible Workshop<\/p>\n<p>11am-4pm Friday, October 28, 2016 &#8212; Refreshments will be served!<\/p>\n<p>Dark skinned Africans make several appearances in the Bible, and for many years, African Americans have seized upon these figures as a contribution to their pride.\u00a0 Yet all too often there has been relatively little attention paid either to the role of these figures in the lives and representation of African Americans, or as historical figures.<\/p>\n<p>To this end, the African American Studies Program will present a workshop at Boston University in October 2016 to examine the historical role that dark-skinned people have played in the Bible, Apocrypha and extra-Biblical commentary, as well as in African American literary and historical writing.<\/p>\n<p>Probably the best known such character in the Bible is the anonymous Ethiopian eunuch who Philip baptizes in Acts, 8:26-40.\u00a0 But others can also be considered, such as Moses\u2019 Ethiopian wife, who is also one of the well-known Africans in the Bible, and one might also want to consider the stir of interest produced when Henry Aubin published his book\u00a0<em>The Rescue of Jerusalem<\/em>\u00a0which put a spotlight on the significance of the Kushite Twenty-Fifth Dynasty of Egypt in the specifics of Biblical Judaism, even though the academy ignored the book.\u00a0 A similar stir of interest took place when Graham Hancock published his\u00a0<em>Sign and the Seal<\/em>, seeking to establish historical connections between the Ark of the Covenant in the Bible, in the\u00a0<em>Kebra Negast<\/em>, and in Arthurian Romances. These are just some of the characters\u00a0the following speakers will present at this conference.<\/p>\n<p><b><strong>Speakers &amp; Presentation Titles:<\/strong><\/b><\/p>\n<p><b><strong>Introduction and Welcome<\/strong><\/b>&#8211; John Thornton, Director, African American Studies Program at Boston Universty<\/p>\n<p><em><b><strong><b><strong>&#8220;<em>The Rescue of Jerusalem<\/em>: A Nubiologist&#8217;s Perspective&#8221;\u00a0\u00a0<\/strong><\/b><\/strong><\/b><\/em>Jeremy Pope, Associate Professor of History at William and Mary College<\/p>\n<p><em><b><strong>&#8220;Why the Ethiopian Eunuch (Acts 8) Was Not from Ethiopia&#8221;\u00a0<\/strong><\/b><\/em><span>Edwin Yamauchi <\/span><em>, <\/em><span>Professor Emeritus of History at Miami University\u00a0<\/span><\/p>\n<p>A podcast of this lecture can be found <a href=\"https:\/\/www.youtube.com\/watch?v=NKnPpVtzTHM\" target=\"_blank\">here<\/a>.<\/p>\n<p><em><b><strong>&#8220;Biblical References in the Teachings of Beatriz Kimpa Vita, 1704-1706&#8221;<\/strong><\/b>\u00a0<\/em><span>John Thornton<\/span><span>, Professor of History at Boston University<\/span><\/p>\n<p>A podcast of this lecture can be found <a href=\"https:\/\/www.youtube.com\/watch?v=Fbc7BezXIPw&amp;t=20s\" target=\"_blank\">here<\/a>.<\/p>\n<p><em><b><strong>&#8220;Early Pan-African Biblical Projects: New Perspectives on Solomon, Sheba, and the Ethiopian Fourteenth-Century Text K\u0259br\u00e4 N\u00e4g\u00e4st&#8221;<\/strong><\/b>\u00a0<\/em> <span>Wendy Belcher, <\/span><span>Associate Professor of African Literature at Princeton University\u00a0<\/span><\/p>\n<p>A podcast of this lecture can be found <a href=\"https:\/\/www.youtube.com\/watch?v=ndLMQZ0F-PE\" target=\"_blank\">here<\/a>.<\/p>\n<p><b><strong><em>&#8220;Moses, Mumbo Jumbo, and the 44 Secret Keys to Universal Power: The \u2018First Tale of Setne Khaemwas\u2019 and the African American Reception of Ancient Egypt, 1939-1988&#8221;<\/em><\/strong><\/b> <span>Steven Vinson<\/span><span>, Associate Professor, Near Eastern Languages and Cultures Indiana University at Bloomington<\/span><\/p>\n<p>A podcast of this lecture can be found <a href=\"https:\/\/www.youtube.com\/watch?v=IbccbNxz2hY\" target=\"_blank\">here<\/a>.<\/p>\n<p><b><strong>Closing remarks<\/strong><\/b> John Thornton, Director, African American Studies Program at Boston University<\/p>\n<p><em>Sponsored by the BU Center for the Humanities, the Jewish Cultural Endowment, History Department, and the African American Studies Program<\/em><\/p>\n<p><a href=\"bu.edu\/afam\/events\">More Events<\/a><\/p>\n","protected":false},"excerpt":{"rendered":"<p>Blacks in the Bible Workshop 11am-4pm Friday, October 28, 2016 &#8212; Refreshments will be served! Dark skinned Africans make several appearances in the Bible, and for many years, African Americans have seized upon these figures as a contribution to their pride.\u00a0 Yet all too often there has been relatively little attention paid either to the [&hellip;]<\/p>\n","protected":false},"author":3592,"featured_media":0,"parent":0,"menu_order":21,"comment_status":"closed","ping_status":"closed","template":"","meta":[],"_links":{"self":[{"href":"https:\/\/www.bu.edu\/afam\/wp-json\/wp\/v2\/pages\/6397"}],"collection":[{"href":"https:\/\/www.bu.edu\/afam\/wp-json\/wp\/v2\/pages"}],"about":[{"href":"https:\/\/www.bu.edu\/afam\/wp-json\/wp\/v2\/types\/page"}],"author":[{"embeddable":true,"href":"https:\/\/www.bu.edu\/afam\/wp-json\/wp\/v2\/users\/3592"}],"replies":[{"embeddable":true,"href":"https:\/\/www.bu.edu\/afam\/wp-json\/wp\/v2\/comments?post=6397"}],"version-history":[{"count":7,"href":"https:\/\/www.bu.edu\/afam\/wp-json\/wp\/v2\/pages\/6397\/revisions"}],"predecessor-version":[{"id":6559,"href":"https:\/\/www.bu.edu\/afam\/wp-json\/wp\/v2\/pages\/6397\/revisions\/6559"}],"wp:attachment":[{"href":"https:\/\/www.bu.edu\/afam\/wp-json\/wp\/v2\/media?parent=6397"}],"curies":[{"name":"wp","href":"https:\/\/api.w.org\/{rel}","templated":true}]}}